{"id":9,"date":"2016-10-19T09:50:41","date_gmt":"2016-10-19T09:50:41","guid":{"rendered":"http:\/\/asztrologiamester.com\/?page_id=9"},"modified":"2021-10-16T20:31:12","modified_gmt":"2021-10-16T18:31:12","slug":"kinai-horoszkop","status":"publish","type":"page","link":"https:\/\/asztrologiamester.com\/asztrologiamester\/kinai-horoszkop\/","title":{"rendered":"K\u00ednai horoszk\u00f3p"},"content":{"rendered":"\t\t<div data-elementor-type=\"wp-page\" data-elementor-id=\"9\" class=\"elementor elementor-9\" data-elementor-settings=\"[]\">\n\t\t\t\t\t\t<div class=\"elementor-inner\">\n\t\t\t\t\t\t\t<div class=\"elementor-section-wrap\">\n\t\t\t\t\t\t\t<section class=\"elementor-section elementor-top-section elementor-element elementor-element-19450d3c elementor-section-boxed elementor-section-height-default elementor-section-height-default\" data-id=\"19450d3c\" data-element_type=\"section\">\n\t\t\t\t\t\t<div class=\"elementor-container elementor-column-gap-default\">\n\t\t\t\t\t\t\t<div class=\"elementor-row\">\n\t\t\t\t\t<div class=\"elementor-column elementor-col-100 elementor-top-column elementor-element elementor-element-146213a1\" data-id=\"146213a1\" data-element_type=\"column\">\n\t\t\t<div class=\"elementor-column-wrap elementor-element-populated\">\n\t\t\t\t\t\t\t<div class=\"elementor-widget-wrap\">\n\t\t\t\t\t\t<div class=\"elementor-element elementor-element-27919f87 elementor-widget elementor-widget-text-editor\" data-id=\"27919f87\" data-element_type=\"widget\" data-widget_type=\"text-editor.default\">\n\t\t\t\t<div class=\"elementor-widget-container\">\n\t\t\t\t\t<div class=\"elementor-text-editor elementor-clearfix\"><h3 style=\"text-align: center;\">K\u00ednai horoszk\u00f3p tan\u00e1csad\u00e1s Krisztina Mesterrel!<\/h3><h3 style=\"text-align: center;\"><a href=\"http:\/\/asztrologiamester.com\/wp-content\/uploads\/2021\/10\/225688-3435x2592-Chinese-compass-Feng-Shui-2-scaled.jpg\"><img loading=\"lazy\" class=\"aligncenter wp-image-1852 size-large\" src=\"http:\/\/asztrologiamester.com\/wp-content\/uploads\/2021\/10\/225688-3435x2592-Chinese-compass-Feng-Shui-2-1024x519.jpg\" alt=\"\" width=\"925\" height=\"469\" srcset=\"https:\/\/asztrologiamester.com\/asztrologiamester\/wp-content\/uploads\/2021\/10\/225688-3435x2592-Chinese-compass-Feng-Shui-2-1024x519.jpg 1024w, https:\/\/asztrologiamester.com\/asztrologiamester\/wp-content\/uploads\/2021\/10\/225688-3435x2592-Chinese-compass-Feng-Shui-2-300x152.jpg 300w, https:\/\/asztrologiamester.com\/asztrologiamester\/wp-content\/uploads\/2021\/10\/225688-3435x2592-Chinese-compass-Feng-Shui-2-768x389.jpg 768w, https:\/\/asztrologiamester.com\/asztrologiamester\/wp-content\/uploads\/2021\/10\/225688-3435x2592-Chinese-compass-Feng-Shui-2-1536x779.jpg 1536w, https:\/\/asztrologiamester.com\/asztrologiamester\/wp-content\/uploads\/2021\/10\/225688-3435x2592-Chinese-compass-Feng-Shui-2-2048x1038.jpg 2048w, https:\/\/asztrologiamester.com\/asztrologiamester\/wp-content\/uploads\/2021\/10\/225688-3435x2592-Chinese-compass-Feng-Shui-2-118x60.jpg 118w\" sizes=\"(max-width: 925px) 100vw, 925px\" \/><\/a><\/h3><p>\u00a0<\/p><p style=\"text-align: center;\"><strong>Miben seg\u00edthet a k\u00ednai asztrol\u00f3giai tan\u00e1csad\u00e1s Krisztina k\u00ednai horoszk\u00f3p Mesterrel?<\/strong><\/p><p style=\"text-align: center;\"><span style=\"color: #8c0101;\"><strong>1. \u00c9gi szerencse \u00e1llhat Neked k\u00e9pess\u00e9geid megismer\u00e9s\u00e9ben<\/strong><\/span><br \/>Annak a lehet\u0151s\u00e9ge l\u00e1that\u00f3 a horoszk\u00f3pban, hogy milyen szakma vagy t\u00e9ma az,<br \/>amely a Te k\u00e9pess\u00e9geidnek \u00e9s tehets\u00e9gednek megfelel. Sokan keresnek meg olyan k\u00e9rd\u00e9sekkel,<br \/>hogy k\u00fclf\u00f6ldi munka szerencs\u00e9t hoz-e nekik? Tiszt\u00e1ban lenni a k\u00e9pess\u00e9geiddel azt jelenti,<br \/>hogy meg tudod ragadni a j\u00f3 lehet\u0151s\u00e9geket a j\u00f3 id\u0151ben.<br \/>A mell\u00e9kelt k\u00e9pen az \u00e9gi szerencs\u00e9nek a k\u00ednai szimb\u00f3luma l\u00e1that\u00f3.<br \/><strong>Te is cs\u00e1sz\u00e1rnak \u00e9rezheted magad a konzult\u00e1ci\u00f3 ut\u00e1n!<\/strong><\/p><p style=\"text-align: center;\"><span style=\"color: #8c0101;\"><strong>2. F\u00f6ldi szerencs\u00e9t jelent Neked, k\u00fcl\u00f6n\u00f6sen, ha d\u00f6nt\u00e9s el\u0151tt \u00e1llsz<\/strong><\/span><br \/>Kereszt\u00fathoz \u00e9rkezt\u00e9l? Karrier v\u00e1ls\u00e1got \u00e9lsz meg?<br \/>Fontos d\u00f6nt\u00e9s el\u0151tt a k\u00ednai asztrol\u00f3gia seg\u00edt felm\u00e9rni a lehet\u0151s\u00e9geket \u00e9s a j\u00f3 megold\u00e1st megtal\u00e1lni.<br \/>Megmutatja a helyes d\u00f6nt\u00e9shez vezet\u0151 utat, ha munkahely v\u00e1lt\u00e1sr\u00f3l,<br \/>k\u00fclf\u00f6ldi munkav\u00e1llal\u00e1sr\u00f3l vagy ak\u00e1r v\u00e1l\u00e1sr\u00f3l van sz\u00f3.<\/p><p style=\"text-align: center;\">\u00a0<\/p><p><a href=\"http:\/\/asztrologiamester.com\/wp-content\/uploads\/2021\/10\/traditional-chinese-new-year-decorations-golden-character-means-good-fortune-close-up-170262076-2.jpg\"><img loading=\"lazy\" class=\"aligncenter wp-image-1842 size-full\" src=\"http:\/\/asztrologiamester.com\/wp-content\/uploads\/2021\/10\/traditional-chinese-new-year-decorations-golden-character-means-good-fortune-close-up-170262076-2.jpg\" alt=\"\" width=\"796\" height=\"384\" srcset=\"https:\/\/asztrologiamester.com\/asztrologiamester\/wp-content\/uploads\/2021\/10\/traditional-chinese-new-year-decorations-golden-character-means-good-fortune-close-up-170262076-2.jpg 796w, https:\/\/asztrologiamester.com\/asztrologiamester\/wp-content\/uploads\/2021\/10\/traditional-chinese-new-year-decorations-golden-character-means-good-fortune-close-up-170262076-2-300x145.jpg 300w, https:\/\/asztrologiamester.com\/asztrologiamester\/wp-content\/uploads\/2021\/10\/traditional-chinese-new-year-decorations-golden-character-means-good-fortune-close-up-170262076-2-768x370.jpg 768w, https:\/\/asztrologiamester.com\/asztrologiamester\/wp-content\/uploads\/2021\/10\/traditional-chinese-new-year-decorations-golden-character-means-good-fortune-close-up-170262076-2-124x60.jpg 124w\" sizes=\"(max-width: 796px) 100vw, 796px\" \/><\/a><\/p><p style=\"text-align: center;\"><span style=\"color: #8c0101;\"><strong>3. Emberi szerencs\u00e9t hozhat Neked a p\u00e1rkapcsolatba<\/strong><\/span><br \/>\u00d6sszeill\u00fcnk-e a p\u00e1rommal? Hogyan tehetem j\u00f3l m\u0171k\u00f6d\u0151v\u00e9 a kapcsolatomat?<br \/>Mi az \u00fatmutat\u00f3 a p\u00e1romhoz, ahhoz, hogy \u00e9let\u00fcnk harm\u00f3nikus legyen?<br \/>Milyen karmikus kapcsolataim lehetnek ebben \u00e9s hogyan oldjam fel \u0151ket?<br \/>\u00daj lehet\u0151s\u00e9gek ny\u00edlhatnak meg el\u0151tted a szerelem \u00e9s a szexualit\u00e1s t\u00e9m\u00e1iban, melyet a csillagjaid seg\u00edtenek.<\/p><hr \/><h3 style=\"text-align: center;\"><span style=\"color: #8c0101;\"><strong>Autentikus (Eredeti) K\u00ednai Horoszk\u00f3p<\/strong><\/span><br \/><span style=\"color: #8c0101;\"><strong>a B\u00d6LCSESS\u00c9G N\u00e9gy OSZLOP\u00c1RA ALAPOZVA (BAZI)\u00a0<\/strong><\/span><br \/><span style=\"color: #8c0101;\"><strong>a Chue Style Feng Shui hagyom\u00e1nyai szerint<\/strong><\/span><\/h3><p><a href=\"http:\/\/asztrologiamester.com\/wp-content\/uploads\/2016\/10\/image006.gif\"><img loading=\"lazy\" class=\"aligncenter wp-image-445\" src=\"http:\/\/asztrologiamester.com\/wp-content\/uploads\/2016\/10\/image006-300x300.gif\" alt=\"image006\" width=\"400\" height=\"400\" srcset=\"https:\/\/asztrologiamester.com\/asztrologiamester\/wp-content\/uploads\/2016\/10\/image006-300x300.gif 300w, https:\/\/asztrologiamester.com\/asztrologiamester\/wp-content\/uploads\/2016\/10\/image006-150x150.gif 150w\" sizes=\"(max-width: 400px) 100vw, 400px\" \/><\/a><\/p><h4><span style=\"color: #8c0101;\"><strong>Val\u00f3s eredm\u00e9ny<\/strong><\/span><\/h4><p><span style=\"color: #000000;\"><a href=\"http:\/\/asztrologiamester.com\/wp-content\/uploads\/2016\/10\/NNZS.jpg\"><img loading=\"lazy\" class=\"alignright size-medium wp-image-217\" src=\"http:\/\/asztrologiamester.com\/wp-content\/uploads\/2016\/10\/NNZS-216x300.jpg\" alt=\"nnzs\" width=\"216\" height=\"300\" srcset=\"https:\/\/asztrologiamester.com\/asztrologiamester\/wp-content\/uploads\/2016\/10\/NNZS-216x300.jpg 216w, https:\/\/asztrologiamester.com\/asztrologiamester\/wp-content\/uploads\/2016\/10\/NNZS.jpg 519w\" sizes=\"(max-width: 216px) 100vw, 216px\" \/><\/a>\u201ePontosan egy \u00e9vvel ezel\u0151tt volt szerencs\u00e9m igaz\u00e1n megismerni \u00f6nmagamat Krisztina seg\u00edts\u00e9g\u00e9vel.<\/span><\/p><p><span style=\"color: #000000;\">A konzult\u00e1ci\u00f3 ut\u00e1n visszat\u00e9rt az \u00f6nbizalmam \u00e9s tudatosabban kezdtem \u00e9lni, m\u00e1r semmit sem biztam a v\u00e9letlenre, hiszen ott volt a kezemben a kalend\u00e1rium. Megtanultam profit\u00e1lni az \u00e9let adta lehet\u0151s\u00e9gekb\u0151l.<\/span><\/p><p><span style=\"color: #000000;\">Kor\u00e1bbi k\u00e9telyeim szertefoszlottak azzal kapcsolatban, ahogyan \u00e9lek, amivel foglalkozom&#8230;stb.<\/span><\/p><p><span style=\"color: #000000;\">Komoly gond volt sz\u00e1momra, hogy tal\u00e1ljak egy m\u00e1sodik foglalkoz\u00e1st a jelenlegi mellett, amit szeretettel \u00e9s hozz\u00e1\u00e9rt\u00e9ssel tudjak csin\u00e1lni.<\/span><\/p><p><span style=\"color: #000000;\">Ezt egy h\u00f3napra r\u00e1 meg is tal\u00e1ltam, azt\u00e1n nem sokkal k\u00e9s\u0151bb r\u00e1tal\u00e1ltam a szerelmemre \u00e9s \u00fagy t\u0171nik, hogy nagyon komoly \u00fat fele haladunk \ud83d\ude42<\/span><\/p><p><span style=\"color: #000000;\">H\u00e1l\u00e1s vagyok a sorsnak, hogy utamba hozta Krisztin\u00e1t \u00e9s, hogy \u00e9n \u00e9rett voltam arra, hogy elfogadjam a seg\u00edts\u00e9get.<\/span><\/p><p><span style=\"color: #000000;\">\u00c9n az\u00f3ta minden kedves ismer\u0151s\u00f6mnek, bar\u00e1tomnak aj\u00e1nlom, mert t\u00e9nyleg seg\u00edt!<\/span><\/p><p><span style=\"color: #000000;\">Az ember legnagyobb ajand\u00e9ka az, ha igaz\u00e1n j\u00f3l ismeri \u00f6nmag\u00e1t, ismeri gyenges\u00e9geit, er\u0151ss\u00e9geit, \u00e9s kihaszn\u00e1lja az \u00e9let \u00e1ltal adott lehet\u0151s\u00e9geket a legjobb id\u0151ben.<\/span><\/p><p><span style=\"color: #000000;\">M\u00e9gegyszer k\u00f6sz\u00f6n\u00f6m!!!\u201d<\/span><\/p><p><span style=\"color: #000000;\">Szeretettel,<\/span><\/p><p><span style=\"color: #000000;\">Nagy Nemes Zs\u00f3fia<\/span><\/p><\/div>\n\t\t\t\t<\/div>\n\t\t\t\t<\/div>\n\t\t\t\t\t\t<\/div>\n\t\t\t\t\t<\/div>\n\t\t<\/div>\n\t\t\t\t\t\t\t\t<\/div>\n\t\t\t\t\t<\/div>\n\t\t<\/section>\n\t\t\t\t\t\t<\/div>\n\t\t\t\t\t\t<\/div>\n\t\t\t\t\t<\/div>\n\t\t","protected":false},"excerpt":{"rendered":"<p>K\u00ednai horoszk\u00f3p tan\u00e1csad\u00e1s Krisztina Mesterrel! \u00a0 Miben seg\u00edthet a k\u00ednai asztrol\u00f3giai tan\u00e1csad\u00e1s Krisztina k\u00ednai horoszk\u00f3p Mesterrel? 1. \u00c9gi szerencse \u00e1llhat Neked k\u00e9pess\u00e9geid megismer\u00e9s\u00e9benAnnak a lehet\u0151s\u00e9ge l\u00e1that\u00f3 a horoszk\u00f3pban, hogy milyen szakma vagy t\u00e9ma az,amely a Te k\u00e9pess\u00e9geidnek \u00e9s tehets\u00e9gednek megfelel. Sokan keresnek meg olyan k\u00e9rd\u00e9sekkel,hogy k\u00fclf\u00f6ldi munka szerencs\u00e9t hoz-e nekik? Tiszt\u00e1ban lenni a k\u00e9pess\u00e9geiddel azt &hellip; <\/p>\n","protected":false},"author":1,"featured_media":0,"parent":0,"menu_order":0,"comment_status":"closed","ping_status":"closed","template":"","meta":[],"_links":{"self":[{"href":"https:\/\/asztrologiamester.com\/asztrologiamester\/wp-json\/wp\/v2\/pages\/9"}],"collection":[{"href":"https:\/\/asztrologiamester.com\/asztrologiamester\/wp-json\/wp\/v2\/pages"}],"about":[{"href":"https:\/\/asztrologiamester.com\/asztrologiamester\/wp-json\/wp\/v2\/types\/page"}],"author":[{"embeddable":true,"href":"https:\/\/asztrologiamester.com\/asztrologiamester\/wp-json\/wp\/v2\/users\/1"}],"replies":[{"embeddable":true,"href":"https:\/\/asztrologiamester.com\/asztrologiamester\/wp-json\/wp\/v2\/comments?post=9"}],"version-history":[{"count":22,"href":"https:\/\/asztrologiamester.com\/asztrologiamester\/wp-json\/wp\/v2\/pages\/9\/revisions"}],"predecessor-version":[{"id":1859,"href":"https:\/\/asztrologiamester.com\/asztrologiamester\/wp-json\/wp\/v2\/pages\/9\/revisions\/1859"}],"wp:attachment":[{"href":"https:\/\/asztrologiamester.com\/asztrologiamester\/wp-json\/wp\/v2\/media?parent=9"}],"curies":[{"name":"wp","href":"https:\/\/api.w.org\/{rel}","templated":true}]}}