{"id":89,"date":"2016-10-21T10:54:09","date_gmt":"2016-10-21T08:54:09","guid":{"rendered":"http:\/\/asztrologiamester.com\/?page_id=89"},"modified":"2021-01-06T11:58:54","modified_gmt":"2021-01-06T09:58:54","slug":"a-feng-shui-biztositotta-kulonleges-eletlehetosegek","status":"publish","type":"page","link":"https:\/\/asztrologiamester.com\/asztrologiamester\/a-feng-shui-biztositotta-kulonleges-eletlehetosegek\/","title":{"rendered":"Mit jelent sz\u00e1momra Feng Shui Mesternek lenni?"},"content":{"rendered":"<p><span style=\"color: #8c0101;\"><strong><span class=\"style13\">A Feng Shui biztos\u00edtotta k\u00fcl\u00f6nleges \u00e9letlehet\u0151s\u00e9gek<\/span><\/strong><\/span><br \/>\n<span style=\"color: #8c0101;\"><strong><span class=\"style10\">Publik\u00e1lva: a Radiance Magazine-ban<\/span><\/strong><\/span><\/p>\n<p class=\"style10\" align=\"justify\">Sz\u00e1momra nagy \u00f6r\u00f6m, hogy r\u00e9szese lehetek az \u00e1ltalam tan\u00edtott \u00e9s gyakorlatban is alkalmazott Feng Shui ismeretek elterjeszt\u00e9s\u00e9nek.<br \/>\nV\u00e9gzetts\u00e9gem szerint nyelvtan\u00e1r vagyok \u00e9s Ph.D. fokozattal rendelkezem filoz\u00f3fi\u00e1b\u00f3l (a fokozatot Magyarorsz\u00e1gon szereztem, a budapesti egyetemen).<br \/>\nSoha nem is \u00e1lmodtam arr\u00f3l, hogy valaha &#8220;House Doctor&#8221;-k\u00e9nt fogok rendszeresen publik\u00e1lni a Radiance Magazine-ban.<\/p>\n<p class=\"style8\"><span style=\"color: #8c0101;\"><strong>***<\/strong><\/span><\/p>\n<p align=\"justify\"><span style=\"color: #8c0101;\"><strong><span class=\"style8\">Az \u00e9n Feng Shui t\u00f6rt\u00e9netem<\/span><\/strong><\/span><\/p>\n<p><span class=\"style10\">Az \u00e9szak-amerikai \u00e9s bali s\u00e1m\u00e1n mesterekn\u00e9l folytatott tanulm\u00e1nyaim, \u00e9s a t\u00e9rtiszt\u00edt\u00e1sban szerzett professzion\u00e1lis k\u00e9pzetts\u00e9gem alkalmass\u00e1 tesz arra, hogy \u00e9rezzem az &#8220;energi\u00e1t.&#8221;<\/span><\/p>\n<p align=\"justify\"><span class=\"style10\">Olyan mitikus helyeken v\u00e9gezhettem kutat\u00e1sokat, mint Stonehenge, a sk\u00f3t felvid\u00e9k, a Bali Szigeteken l\u00e9v\u00f4 80 \u00e9ves Nagytemplom (Pura Kenen) \u00e9s az ausztr\u00e1liai V\u00f6r\u00f6s S\u00edks\u00e1g.<br \/>\nEzek a kutat\u00e1sok seg\u00edtettek hozz\u00e1, hogy az \u00e9p\u00fcletekben \u00e9s a k\u00f6rnyezet\u00fckben uralkod\u00f3 energi\u00e1kat biztons\u00e1ggal tudjam meghat\u00e1rozni.<br \/>\n<\/span><br \/>\n<span class=\"style10\">A Feng Shui \u0151si k\u00ednai tudom\u00e1ny\u00e1b\u00f3l szerzett m\u00e9lyebb ismereteimet Chan Kun Wah nagymester ir\u00e1ny\u00edt\u00e1sa alatt saj\u00e1t\u00edtottam el.<br \/>\n\u0150, a taoista nagy nagymesterek vonal\u00e1nak k\u00e9pvisel\u0151jek\u00e9nt el\u0151re tudta vet\u00edteni az amerikai t\u0151zsde 2001-ben bek\u00f6vetkezett m\u00e9lyrep\u00fcl\u00e9s\u00e9t \u00e9s a 2005-ben puszt\u00edt\u00f3 term\u00e9szeti katasztr\u00f3f\u00e1t, a tsunamit.<\/span><\/p>\n<p><span class=\"style10\">Ez az \u00e9letmin\u0151s\u00e9get megv\u00e1ltoztat\u00f3 tud\u00e1s gy\u00f6keres v\u00e1ltoz\u00e1st hozott \u00fagy az eg\u00e9szs\u00e9gi \u00e1llapotomban, mint a karrieremben \u00e9s a csal\u00e1di \u00e9letemben.<br \/>\nHivat\u00e1sszer\u0171en foglalkozom a Feng Shui-val, k\u00e9t c\u00e9get \u00e9s k\u00e9t Feng Shui iskol\u00e1t is alap\u00edtottam, \u00e9s sikeresen tudom kezelni gyermekeim \u00e9s a f\u00e9rjem eg\u00e9szs\u00e9gi probl\u00e9m\u00e1it \u00e9s \u00fczletvitel\u00e9t.<\/span><\/p>\n<p><strong><span class=\"style10\">Az \u00d6n sz\u00e1m\u00e1ra szint\u00e9n hasznos inform\u00e1ci\u00f3val szolg\u00e1lnak a magazin al\u00e1bbi fejezetei:<\/span><\/strong><\/p>\n<ul type=\"disc\">\n<li class=\"style10\">T\u00f6ltse fel energi\u00e1val \u00e9let\u00e9t a Feng Shui seg\u00edts\u00e9g\u00e9vel h\u00e1l\u00f3szob\u00e1j\u00e1ban, hivatal\u00e1ban \u00e9s a konyh\u00e1j\u00e1ban egyar\u00e1nt.<\/li>\n<li class=\"style10\">Milyen el\u0151ny\u00f6kkel szolg\u00e1l \u00d6nnek a 2008-as k\u00ednai patk\u00e1ny \u00e9ve?<\/li>\n<li class=\"style10\">Alak\u00edtsa otthon\u00e1t eg\u00e9szs\u00e9gess\u00e9 \u00e9s \u00f6r\u00f6mteliv\u00e9, tiszt\u00edtsa meg a f\u00e1radt energi\u00e1kt\u00f3l.<\/li>\n<li class=\"style10\">T\u00f6ltse meg konyh\u00e1j\u00e1t \u00e9lettel a Feng Shui seg\u00edts\u00e9g\u00e9vel.<\/li>\n<li class=\"style10\">Tanulm\u00e1nyozza az arcolvas\u00e1s \u0151si tudom\u00e1ny\u00e1t, ismerje meg azokat a fontos t\u00e9nyez\u0151ket, amelyek meghat\u00e1rozz\u00e1k szem\u00e9lyis\u00e9g\u00e9t \u00e9s karrierlehet\u0151s\u00e9geit.<\/li>\n<\/ul>\n<p class=\"style8\"><strong>Mi a Feng Shui \u00e9s mi nem tekinthet\u0151 annak?<\/strong><\/p>\n<p align=\"justify\"><span class=\"style10\">A megfelel\u0151en alkalmazott Feng Shui sem vesz\u00e9lyes, sem k\u00e1ros nem lehet az \u00d6n sz\u00e1m\u00e1ra. Csak el\u0151ny\u00f6kkel szolg\u00e1lhat. A Feng Shui nem egy vall\u00e1si ir\u00e1nyzat \u00e9s egyetlen vall\u00e1s k\u00f6vet\u00e9se sem sz\u00fcks\u00e9ges meg\u00e9rt\u00e9s\u00e9hez.<br \/>\nHa megkerdez\u00fcnk valakit arr\u00f3l, hisz-e a Feng Shui-ban csak annyi, mintha azt k\u00e9rdezt\u00fck volna, hisz-e az id\u0151j\u00e1r\u00e1s v\u00e1ltoz\u00e1saiban.<\/span><\/p>\n<p><strong><span class=\"style8\">Miben ny\u00fajthat seg\u00edts\u00e9get a Feng Shui?<\/span><\/strong><\/p>\n<p align=\"justify\"><span class=\"style10\">A Feng Shui alapelve seg\u00edt abban, hogy \u00fagy tudjunk harm\u00f3nikus \u00f6sszhangban \u00e9lni a k\u00f6rnyezet\u00fcnkkel, hogy a k\u00f6r\u00fclvev\u0151 energi\u00e1kat sz\u00e1munkra els\u0151dlegesen el\u0151ny\u00f6s m\u00f3don tudjuk m\u0171k\u00f6dtetni, nem pedig akad\u00e1lyoz\u00f3 t\u00e9nyez\u0151k\u00e9nt. Senki nem akar \u00e1rral szemben \u00faszni.<\/span><\/p>\n<p><span class=\"style8\">Eredm\u00e9nyek, eredm\u00e9nyek, eredm\u00e9nyek.<\/span><\/p>\n<p class=\"style10\" align=\"justify\">Annak ellen\u00e9re, hogy r\u00e9g\u00f3ta elismert t\u00e9ny, hogy a k\u00fcls\u0151 \u00e9s bels\u0151 k\u00f6rnyezet hat\u00e1ssal van \u00e9let\u00fcnkre, korunk felgyorsult vil\u00e1g\u00e1nak embere m\u00e9gsem a k\u00f6rnyezet\u00e9ben keresi a megold\u00e1sokat.<\/p>\n<p align=\"justify\"><span class=\"style10\">Modern korunk gyakorlati Feng Shui m\u00f3dszerei elt\u00e9rnek a klasszikus autentikus Feng Shui-\u00e9t\u00f3l. A mai nyugati gyakorlatra sokkal ink\u00e1bb a krist\u00e1lyok, az aromater\u00e1pia, a sz\u00e9lcseng\u0151k haszn\u00e1lata a jellemz\u0151, valamint a gyarapod\u00e1si helyek meghat\u00e1roz\u00e1sa.<br \/>\n<\/span><\/p>\n<p><strong><span class=\"style8\">Chue Style Feng Shui<\/span><\/strong><\/p>\n<p><span class=\"style10\">Az eredeti Feng Shui alapja annak bizony\u00edt\u00e1sa, hogy a f\u00f6ld energi\u00e1ja (Yin) \u00e9s a mennyei energia (Yang) hogyan alak\u00edtj\u00e1k az \u00e9p\u00fclet energi\u00e1j\u00e1t az id\u0151 peri\u00f3dusaiban \u00e9s a jelenben egyar\u00e1nt. Nemcsak kiz\u00e1r\u00f3lag a fizikai forma \u00e9s a m\u00e9ret viszony\u00e1n alapszik, hanem a bolyg\u00f3mozg\u00e1sokra vonatkoz\u00f3 tudom\u00e1nyos kalkul\u00e1ci\u00f3kon.<br \/>\nAz I Ching Nyolc Trigramj\u00e1t alapulvev\u0151 ir\u00e1nyt\u0171 a Chi min\u0151s\u00e9gi elhelyezked\u00e9s\u00e9nek \u00e9s kardin\u00e1lis ir\u00e1nyvonalainak meghat\u00e1roz\u00e1s\u00e1ra szolg\u00e1l.<\/span><\/p>\n<p>Az \u00e9p\u00fcletben tart\u00f3zkod\u00f3k k\u00ednai horoszk\u00f3pj\u00e1t ugyancsak annak figyelembev\u00e9tel\u00e9vel hat\u00e1rozz\u00e1k meg, hogy milyen k\u00f6lcs\u00f6nhat\u00e1sban vannak a f\u00f6ldi Chi elhelyezked\u00e9s\u00e9vel.<\/p>\n<p class=\"style10\" align=\"justify\">Mivel nyugati vil\u00e1gunkban \u00e9ppen a Feng Shui \u00faj korszak\u00e1ba l\u00e9p\u00fcnk, jogosan vet\u0151dik fel \u00d6n\u00f6k r\u00e9sz\u00e9r\u0151l a &#8220;Hogyan is kezdjek hozz\u00e1?&#8221; k\u00e9rd\u00e9se, hiszen megfelel\u0151en szeretn\u00e9k alkalmazni a Feng Shui-t otthonukban \u00e9s az irod\u00e1jukban is.<br \/>\nKezdetnek n\u00e9h\u00e1ny hasznos Feng Shui tan\u00e1cs arra vonatkoz\u00f3an, hogyan cs\u00f6kkents\u00e9k a negat\u00edv \u00e9s gyenge energi\u00e1k hat\u00e1sait egy adott helyen:<\/p>\n<p class=\"style10\"><strong>Otthonukban:<\/strong><\/p>\n<ul type=\"disc\">\n<li class=\"style10\">\n<div align=\"justify\">Az energi\u00e1k k\u00f6nny\u0171 \u00e1raml\u00e1sa \u00e9rdek\u00e9ben az ajt\u00f3k k\u00f6rnyezet\u00e9t \u00e9s a folyos\u00f3kat mindig tarts\u00e1k lom-mentesen.<\/div>\n<\/li>\n<li class=\"style10\">\n<div align=\"justify\">Ker\u00fclj\u00e9k a telev\u00edzi\u00f3k \u00e9s sz\u00e1m\u00edt\u00f3g\u00e9pek haszn\u00e1lat\u00e1t a h\u00e1l\u00f3szob\u00e1ban, mivel azok zavarj\u00e1k az eg\u00e9szs\u00e9ges \u00e9jszakai alv\u00e1st.<\/div>\n<\/li>\n<li class=\"style10\">\n<div align=\"justify\">Energian\u00f6vel\u00e9s c\u00e9lj\u00e1b\u00f3l mindig tartsanak \u00e9l\u0151 n\u00f6v\u00e9nyeket \u00e9s frissen v\u00e1gott vir\u00e1got a helys\u00e9gekben. A sz\u00e1r\u00edtott vir\u00e1gok \u00e9s csokrok \u00e9lettelenek.&nbsp; A n\u00f6v\u00e9nyek \u00e9s vir\u00e1gok fest\u00e9se is k\u00e1ros\u00edthatja az energi\u00e1kat.<\/div>\n<\/li>\n<\/ul>\n<p class=\"style10\"><strong>Irod\u00e1ban:<\/strong><\/p>\n<ul type=\"disc\">\n<li class=\"style10\">\n<div align=\"justify\">Amennyiben lehets\u00e9ges, mindig falnak h\u00e1ttal \u00fclj\u00fcnk az \u00edr\u00f3asztalhoz. Ahol ez nem kivitelezhet\u0151, tegy\u00fcnk v\u00e1laszfalat az egy\u00e9n m\u00f6g\u00e9.<\/div>\n<\/li>\n<li class=\"style10\">\n<div align=\"justify\">A vezet\u0151 beoszt\u00e1sban l\u00e9v\u0151 szem\u00e9ly helyezkedjen el kontroll poz\u00edci\u00f3ban. Ez \u00e1ltal\u00e1ban az ajt\u00f3val \u00e1tl\u00f3san szemben tal\u00e1lhat\u00f3.<\/div>\n<\/li>\n<\/ul>\n<p align=\"justify\"><span class=\"style8\">K\u00e9pess\u00e9geim nemcsak saj\u00e1t \u00e9letem megv\u00e1ltoz\u00e1s\u00e1ban j\u00e1tszottak d\u00f6nt\u0151 szerepet, hanem m\u00e1sok\u00e9ban is. Hallgat\u00f3im \u00e9s \u00fcgyfeleim mindig meglepnek a saj\u00e1t Feng Shui &#8220;csodat\u00f6rt\u00e9neteikkel&#8221;, melyek akkor k\u00f6vetkeztek be, miut\u00e1n sikeresen v\u00e9grehajtott\u00e1k az \u00e1ltalam javasolt v\u00e1ltoztat\u00e1sokat.<\/span><\/p>\n<p class=\"style2\">\n","protected":false},"excerpt":{"rendered":"<p>A Feng Shui biztos\u00edtotta k\u00fcl\u00f6nleges \u00e9letlehet\u0151s\u00e9gek Publik\u00e1lva: a Radiance Magazine-ban Sz\u00e1momra nagy \u00f6r\u00f6m, hogy r\u00e9szese lehetek az \u00e1ltalam tan\u00edtott \u00e9s gyakorlatban is alkalmazott Feng Shui ismeretek elterjeszt\u00e9s\u00e9nek. V\u00e9gzetts\u00e9gem szerint nyelvtan\u00e1r vagyok \u00e9s Ph.D. fokozattal rendelkezem filoz\u00f3fi\u00e1b\u00f3l (a fokozatot Magyarorsz\u00e1gon szereztem, a budapesti egyetemen). Soha nem is \u00e1lmodtam arr\u00f3l, hogy valaha &#8220;House Doctor&#8221;-k\u00e9nt fogok rendszeresen publik\u00e1lni &hellip; <\/p>\n","protected":false},"author":1,"featured_media":0,"parent":0,"menu_order":0,"comment_status":"closed","ping_status":"closed","template":"","meta":[],"_links":{"self":[{"href":"https:\/\/asztrologiamester.com\/asztrologiamester\/wp-json\/wp\/v2\/pages\/89"}],"collection":[{"href":"https:\/\/asztrologiamester.com\/asztrologiamester\/wp-json\/wp\/v2\/pages"}],"about":[{"href":"https:\/\/asztrologiamester.com\/asztrologiamester\/wp-json\/wp\/v2\/types\/page"}],"author":[{"embeddable":true,"href":"https:\/\/asztrologiamester.com\/asztrologiamester\/wp-json\/wp\/v2\/users\/1"}],"replies":[{"embeddable":true,"href":"https:\/\/asztrologiamester.com\/asztrologiamester\/wp-json\/wp\/v2\/comments?post=89"}],"version-history":[{"count":8,"href":"https:\/\/asztrologiamester.com\/asztrologiamester\/wp-json\/wp\/v2\/pages\/89\/revisions"}],"predecessor-version":[{"id":1742,"href":"https:\/\/asztrologiamester.com\/asztrologiamester\/wp-json\/wp\/v2\/pages\/89\/revisions\/1742"}],"wp:attachment":[{"href":"https:\/\/asztrologiamester.com\/asztrologiamester\/wp-json\/wp\/v2\/media?parent=89"}],"curies":[{"name":"wp","href":"https:\/\/api.w.org\/{rel}","templated":true}]}}