{"id":739,"date":"2017-04-05T11:32:18","date_gmt":"2017-04-05T09:32:18","guid":{"rendered":"http:\/\/asztrologiamester.com\/?page_id=739"},"modified":"2021-01-29T10:13:42","modified_gmt":"2021-01-29T08:13:42","slug":"halado-kinai-asztrologia-kurzus-ii","status":"publish","type":"page","link":"https:\/\/asztrologiamester.com\/asztrologiamester\/bazi-asztrologus-kepzo\/halado-kinai-asztrologia-kurzus-ii\/","title":{"rendered":"Halad\u00f3 K\u00ednai Asztrol\u00f3gia Kurzus II."},"content":{"rendered":"<h2 style=\"text-align: center;\"><span style=\"color: #8c0101;\"><strong>Halad\u00f3 K\u00ednai Asztrol\u00f3gia Kurzus II. Tematik\u00e1ja<\/strong><\/span><\/h2>\n<p><a href=\"http:\/\/asztrologiamester.com\/wp-content\/uploads\/2017\/04\/auroras-1203288_1280.jpg\"><img loading=\"lazy\" class=\"aligncenter wp-image-753\" src=\"http:\/\/asztrologiamester.com\/wp-content\/uploads\/2017\/04\/auroras-1203288_1280-300x200.jpg\" alt=\"auroras-1203288_1280\" width=\"399\" height=\"266\" srcset=\"https:\/\/asztrologiamester.com\/asztrologiamester\/wp-content\/uploads\/2017\/04\/auroras-1203288_1280-300x200.jpg 300w, https:\/\/asztrologiamester.com\/asztrologiamester\/wp-content\/uploads\/2017\/04\/auroras-1203288_1280-768x512.jpg 768w, https:\/\/asztrologiamester.com\/asztrologiamester\/wp-content\/uploads\/2017\/04\/auroras-1203288_1280-1024x682.jpg 1024w, https:\/\/asztrologiamester.com\/asztrologiamester\/wp-content\/uploads\/2017\/04\/auroras-1203288_1280.jpg 1280w\" sizes=\"(max-width: 399px) 100vw, 399px\" \/><\/a><\/p>\n<ol>\n<li><strong>Yute Jeung &#8211; Csillagk\u00e9p \u00e9s konstell\u00e1ci\u00f3<\/strong><\/li>\n<li><strong>Sap San 10 ciklusa<\/strong><\/li>\n<li><strong>Sap San 10 ciklus\u00e1nak\u00a0kapcsolata az \u00d6t elem Kreat\u00edv Ciklus\u00e1val<\/strong><\/li>\n<li><strong>Mennyei\u00a0T\u00f6rzsek\u00a0Sap Sun ciklusai<\/strong><\/li>\n<li><strong>San Sat \u2013 T\u00fcnd\u00e9rek \u00e9s \u00f6rd\u00f6g\u00f6k \u2013 J\u00f3 \u00e9s Rossz Csillagok\u00a0konstell\u00e1ci\u00f3i<\/strong><\/li>\n<\/ol>\n<p><strong>Az oktat\u00e1s t\u00f6rt\u00e9nhet kis csoportban \u00e9s\/vagy egy\u00e9ni form\u00e1ban is.<\/strong><\/p>\n<ul>\n<li><strong><span style=\"color: #000000;\">4 alkalmas Webinar\u00a0<\/span><\/strong><\/li>\n<li><strong><span style=\"color: #000000;\">4 alkalmas szem\u00e9lyes online szemin\u00e1rium<\/span><\/strong><\/li>\n<\/ul>\n<p><strong>A tand\u00edj egy\u00e9nileg lesz meg\u00e1llap\u00edtva.<\/strong><br \/>\n<strong> A tand\u00edj egy\u00e9ni meg\u00e1llap\u00edt\u00e1sa miatt ker\u00fclj\u00f6n kapcsolatba az al\u00e1bbi emailc\u00edmen Dr. Neuhauser Krisztina Autentikus K\u00ednai Horoszk\u00f3p Mesterrel.\u00a0<a href=\"mailto:kristina@professionalfengshui.com\">kristina@professionalfengshui.com<\/a><\/strong><\/p>\n<p><strong><a href=\"http:\/\/asztrologiamester.com\/wp-content\/uploads\/2016\/10\/Csap\u00f3-Zs\u00f3ka.jpg\"><img loading=\"lazy\" class=\"alignright wp-image-219\" src=\"http:\/\/asztrologiamester.com\/wp-content\/uploads\/2016\/10\/Csap\u00f3-Zs\u00f3ka-218x300.jpg\" alt=\"csapo-zsoka\" width=\"171\" height=\"235\" srcset=\"https:\/\/asztrologiamester.com\/asztrologiamester\/wp-content\/uploads\/2016\/10\/Csap\u00f3-Zs\u00f3ka-218x300.jpg 218w, https:\/\/asztrologiamester.com\/asztrologiamester\/wp-content\/uploads\/2016\/10\/Csap\u00f3-Zs\u00f3ka.jpg 438w\" sizes=\"(max-width: 171px) 100vw, 171px\" \/><\/a><\/strong><\/p>\n<p><span style=\"color: #8c0101;\"><strong>Elismer\u0151 nyilatkozat<\/strong><\/span><\/p>\n<p><strong>&#8220;Kedves Krisztina!<\/strong><\/p>\n<p><strong>K\u00f6sz\u00f6n\u00f6m a tan\u00edt\u00e1st, amit t\u0151led kaptam!<\/strong><\/p>\n<p><strong>Sokat fejl\u0151dtem, \u00e9s sok dolog hely\u00e9re ker\u00fclt a fejemben a horoszk\u00f3p k\u00e9sz\u00edt\u00e9ssel \u00e9s az elemek egym\u00e1sra hat\u00e1s\u00e1val kapcsolatban. A k\u00ednai jelek is r\u00f6gz\u00fcltek, most m\u00e1r \u00e9rtelmezni tudom az \u00e1br\u00e1kat \u2013 az el\u0151z\u0151 kurzus v\u00e9g\u00e9n adt\u00e1l egy lapot, amin mindent \u00e9rtelmezni tudtam seg\u00e9dletek n\u00e9lk\u00fcl, \u00e9s ez csod\u00e1s \u00e9rz\u00e9s volt. Kb. egy tucat horoszk\u00f3pot \u00e1ll\u00edtottam f\u00f6l a ny\u00e1ron, \u00e9s hogy \u00e1t tudtam alak\u00edtani a r\u00e9gi t\u00e9ves ber\u00f6gz\u00f6tts\u00e9geket, neked k\u00f6sz\u00f6nhetem.<\/strong><\/p>\n<p><strong>M\u00e9g megijeszt a sz\u00e1mtalan \u2019r\u00e9teg\u2019 amit \u00e1t kell l\u00e1tni, \u00e9s helyesen, felel\u0151ss\u00e9ggel \u00e9rtelmezni, de h\u00e1l\u00e1s vagyok ami\u00e9rt eny\u00e9m lehet ez a tud\u00e1s, hogy seg\u00edtsek a keres\u0151knek.<\/strong><\/p>\n<p><strong>Amikor tervezek meg tudom n\u00e9zni, hogy milyen elemekre van igaz\u00e1n sz\u00fcks\u00e9ge az illet\u0151nek.<\/strong><\/p>\n<p><strong>Olyan \u00e9rz\u00e9s mikor el kezdek elemezni egy horoszk\u00f3pot, mint a titkos\u00edr\u00e1s fejt\u00e9s \u2013 bele tudok feledkezni.<\/strong><br \/>\n<strong> Tudatosabb lettem a kurzusok hat\u00e1s\u00e1ra, \u00e9s csiszol\u00f3dott a vil\u00e1gl\u00e1t\u00e1som is. H\u00e1l\u00e1s sz\u00edvvel k\u00f6sz\u00f6n\u00f6m!<\/strong><\/p>\n<p><strong>Minden sz\u00e9pet \u00e9s j\u00f3t k\u00edv\u00e1nok Neked!<\/strong><\/p>\n<p><strong>Sz\u00e9ln\u00e9 Csap\u00f3 Erzs\u00e9bet<\/strong><br \/>\n<strong> (Zs\u00f3ka)&#8221;<\/strong><\/p>\n","protected":false},"excerpt":{"rendered":"<p>Halad\u00f3 K\u00ednai Asztrol\u00f3gia Kurzus II. Tematik\u00e1ja Yute Jeung &#8211; Csillagk\u00e9p \u00e9s konstell\u00e1ci\u00f3 Sap San 10 ciklusa Sap San 10 ciklus\u00e1nak\u00a0kapcsolata az \u00d6t elem Kreat\u00edv Ciklus\u00e1val Mennyei\u00a0T\u00f6rzsek\u00a0Sap Sun ciklusai San Sat \u2013 T\u00fcnd\u00e9rek \u00e9s \u00f6rd\u00f6g\u00f6k \u2013 J\u00f3 \u00e9s Rossz Csillagok\u00a0konstell\u00e1ci\u00f3i Az oktat\u00e1s t\u00f6rt\u00e9nhet kis csoportban \u00e9s\/vagy egy\u00e9ni form\u00e1ban is. 4 alkalmas Webinar\u00a0 4 alkalmas szem\u00e9lyes online &hellip; <\/p>\n","protected":false},"author":1,"featured_media":0,"parent":15,"menu_order":0,"comment_status":"closed","ping_status":"closed","template":"","meta":[],"_links":{"self":[{"href":"https:\/\/asztrologiamester.com\/asztrologiamester\/wp-json\/wp\/v2\/pages\/739"}],"collection":[{"href":"https:\/\/asztrologiamester.com\/asztrologiamester\/wp-json\/wp\/v2\/pages"}],"about":[{"href":"https:\/\/asztrologiamester.com\/asztrologiamester\/wp-json\/wp\/v2\/types\/page"}],"author":[{"embeddable":true,"href":"https:\/\/asztrologiamester.com\/asztrologiamester\/wp-json\/wp\/v2\/users\/1"}],"replies":[{"embeddable":true,"href":"https:\/\/asztrologiamester.com\/asztrologiamester\/wp-json\/wp\/v2\/comments?post=739"}],"version-history":[{"count":7,"href":"https:\/\/asztrologiamester.com\/asztrologiamester\/wp-json\/wp\/v2\/pages\/739\/revisions"}],"predecessor-version":[{"id":1795,"href":"https:\/\/asztrologiamester.com\/asztrologiamester\/wp-json\/wp\/v2\/pages\/739\/revisions\/1795"}],"up":[{"embeddable":true,"href":"https:\/\/asztrologiamester.com\/asztrologiamester\/wp-json\/wp\/v2\/pages\/15"}],"wp:attachment":[{"href":"https:\/\/asztrologiamester.com\/asztrologiamester\/wp-json\/wp\/v2\/media?parent=739"}],"curies":[{"name":"wp","href":"https:\/\/api.w.org\/{rel}","templated":true}]}}