{"id":737,"date":"2017-04-05T11:32:03","date_gmt":"2017-04-05T09:32:03","guid":{"rendered":"http:\/\/asztrologiamester.com\/?page_id=737"},"modified":"2021-01-29T10:13:25","modified_gmt":"2021-01-29T08:13:25","slug":"halado-kinai-asztrologia-kurzus-i","status":"publish","type":"page","link":"https:\/\/asztrologiamester.com\/asztrologiamester\/bazi-asztrologus-kepzo\/halado-kinai-asztrologia-kurzus-i\/","title":{"rendered":"Halad\u00f3 K\u00ednai Asztrol\u00f3gia Kurzus I."},"content":{"rendered":"<h2 style=\"text-align: center;\"><span style=\"color: #8c0101;\"><strong>Halad\u00f3 K\u00ednai Asztrol\u00f3gia Kurzus I. Tematik\u00e1ja<\/strong><\/span><\/h2>\n<p><a href=\"http:\/\/asztrologiamester.com\/wp-content\/uploads\/2017\/04\/milky-way-923801_1280.jpg\"><img loading=\"lazy\" class=\"aligncenter wp-image-750\" src=\"http:\/\/asztrologiamester.com\/wp-content\/uploads\/2017\/04\/milky-way-923801_1280-300x169.jpg\" alt=\"milky-way-923801_1280\" width=\"401\" height=\"226\" srcset=\"https:\/\/asztrologiamester.com\/asztrologiamester\/wp-content\/uploads\/2017\/04\/milky-way-923801_1280-300x169.jpg 300w, https:\/\/asztrologiamester.com\/asztrologiamester\/wp-content\/uploads\/2017\/04\/milky-way-923801_1280-768x432.jpg 768w, https:\/\/asztrologiamester.com\/asztrologiamester\/wp-content\/uploads\/2017\/04\/milky-way-923801_1280-1024x576.jpg 1024w, https:\/\/asztrologiamester.com\/asztrologiamester\/wp-content\/uploads\/2017\/04\/milky-way-923801_1280.jpg 1280w\" sizes=\"(max-width: 401px) 100vw, 401px\" \/><\/a><\/p>\n<ol>\n<li><strong>Vesz\u00e9lyes, Nemes,\u00a0Al\u00e1zatos \u00e9s szeg\u00e9ny, gazdag\u00a0horoszk\u00f3pok<\/strong><\/li>\n<li><strong>Vesz\u00e9lyes,\u00a0Gazdag, Vesz\u00e9lyes \u00e9s szeg\u00e9ny\u00a0horoszk\u00f3pok<\/strong><\/li>\n<li><strong>Fiatalon elhal\u00e1loz\u00f3\u00a0horoszk\u00f3pok, Al\u00e1zatos \u00e9s szeg\u00e9ny, szeg\u00e9ny, Nemes \u00e9s gazdag horoszk\u00f3pok<\/strong><\/li>\n<li><strong>Gazdag, szeg\u00e9ny \u00e9s al\u00e1zatos, Nemes \u00e9s gazdag, fiatalon elhal\u00e1loz\u00f3 horoszk\u00f3pok<\/strong><\/li>\n<li><strong>Nemes \u00e9s gazdag , Vesz\u00e9lyes, szeg\u00e9ny \u00e9s Vesz\u00e9lyes, hossz\u00fa \u00e9let\u0171 \u00e9s gazdag horoszk\u00f3pok<\/strong><\/li>\n<li><strong>Fiatalon elhal\u00e1loz\u00f3, Vesz\u00e9lyes, Vesz\u00e9lyes, Nemes horoszk\u00f3pok<\/strong><\/li>\n<li><strong>Yute Jeung- Csillagk\u00e9p \u00e9s konstell\u00e1ci\u00f3<\/strong><\/li>\n<li><strong>Horoszk\u00f3p p\u00e9ld\u00e1k<\/strong><\/li>\n<\/ol>\n<p><strong>Az oktat\u00e1s t\u00f6rt\u00e9nhet kis csoportban \u00e9s\/vagy egy\u00e9ni form\u00e1ban is.<\/strong><\/p>\n<ul>\n<li><strong><span style=\"color: #000000;\">4 alkalmas Webinar\u00a0<\/span><\/strong><\/li>\n<li><strong><span style=\"color: #000000;\">4 alkalmas szem\u00e9lyes online szemin\u00e1rium<\/span><\/strong><\/li>\n<\/ul>\n<p><strong>A tand\u00edj egy\u00e9nileg lesz meg\u00e1llap\u00edtva.<\/strong><br \/>\n<strong> A tand\u00edj egy\u00e9ni meg\u00e1llap\u00edt\u00e1sa miatt ker\u00fclj\u00f6n kapcsolatba az al\u00e1bbi emailc\u00edmen Dr. Neuhauser Krisztina Autentikus K\u00ednai Horoszk\u00f3p Mesterrel.<span style=\"color: #0000ff;\">\u00a0<a style=\"color: #0000ff;\" href=\"mailto:kristina@professionalfengshui.com\">kristina@professionalfengshui.com<\/a><\/span><\/strong><\/p>\n<p><span style=\"color: #8c0101;\"><strong>Elismer\u0151 nyilatkozat<\/strong><\/span><\/p>\n<p><strong><a href=\"http:\/\/asztrologiamester.com\/wp-content\/uploads\/2016\/10\/Tam\u00e1s-s\u00e1rk\u00e1ny.jpg\"><img loading=\"lazy\" class=\"alignright wp-image-221\" src=\"http:\/\/asztrologiamester.com\/wp-content\/uploads\/2016\/10\/Tam\u00e1s-s\u00e1rk\u00e1ny-199x300.jpg\" alt=\"tamas-sarkany\" width=\"155\" height=\"234\" srcset=\"https:\/\/asztrologiamester.com\/asztrologiamester\/wp-content\/uploads\/2016\/10\/Tam\u00e1s-s\u00e1rk\u00e1ny-199x300.jpg 199w, https:\/\/asztrologiamester.com\/asztrologiamester\/wp-content\/uploads\/2016\/10\/Tam\u00e1s-s\u00e1rk\u00e1ny-768x1156.jpg 768w, https:\/\/asztrologiamester.com\/asztrologiamester\/wp-content\/uploads\/2016\/10\/Tam\u00e1s-s\u00e1rk\u00e1ny-680x1024.jpg 680w\" sizes=\"(max-width: 155px) 100vw, 155px\" \/><\/a>\u201eKedves Krisztina!<\/strong><\/p>\n<p><strong>Igaz\u00e1n meg\u00e9rdemled a Feng Shui tan\u00e1csad\u00e1s \u00e9s a k\u00ednai horoszk\u00f3p\u00a0k\u00e9sz\u00edt\u00e9s bajnoki c\u00edm\u00e9t!<\/strong><\/p>\n<p><strong>K\u00f6sz\u00f6n\u00f6m Neked a sok-sok seg\u00edts\u00e9get, j\u00f3 tan\u00e1csot, amivel \u00fajj\u00e1var\u00e1zsoltam \u00e9letemet!<\/strong><\/p>\n<p><strong>Nagyon nagyon fontosnak tartom \u00e9s az\u00f3ta, ami\u00f3ta Krisztin\u00e1t\u00a0ismerem eszerint \u00e9lem a napokat \u00e9s pr\u00f3b\u00e1lom \u00fagy int\u00e9zni a\u00a0dolgokat, term\u00e9szetesen, hogy p\u00e9ld\u00e1ul akkor h\u00edvok f\u00f6l embereket,\u00a0amikor olyan napom van, ami legal\u00e1bb \u00f6t\u00f6s, tizes vagy tizen\u00f6t\u00f6s,\u00a0\u201efeeds\u201d vagy \u201esame\u201d \u00e9s amikor \u201ekills\u201d-em van, akkor pr\u00f3b\u00e1lok nem\u00a0mozdulni&#8230;\u201d<\/strong><\/p>\n<p><strong>Varga Tam\u00e1s<\/strong><br \/>\n<strong> K\u00e9tszeres Olimpiai Bajnok Vizilabd\u00e1z\u00f3<\/strong><\/p>\n","protected":false},"excerpt":{"rendered":"<p>Halad\u00f3 K\u00ednai Asztrol\u00f3gia Kurzus I. Tematik\u00e1ja Vesz\u00e9lyes, Nemes,\u00a0Al\u00e1zatos \u00e9s szeg\u00e9ny, gazdag\u00a0horoszk\u00f3pok Vesz\u00e9lyes,\u00a0Gazdag, Vesz\u00e9lyes \u00e9s szeg\u00e9ny\u00a0horoszk\u00f3pok Fiatalon elhal\u00e1loz\u00f3\u00a0horoszk\u00f3pok, Al\u00e1zatos \u00e9s szeg\u00e9ny, szeg\u00e9ny, Nemes \u00e9s gazdag horoszk\u00f3pok Gazdag, szeg\u00e9ny \u00e9s al\u00e1zatos, Nemes \u00e9s gazdag, fiatalon elhal\u00e1loz\u00f3 horoszk\u00f3pok Nemes \u00e9s gazdag , Vesz\u00e9lyes, szeg\u00e9ny \u00e9s Vesz\u00e9lyes, hossz\u00fa \u00e9let\u0171 \u00e9s gazdag horoszk\u00f3pok Fiatalon elhal\u00e1loz\u00f3, Vesz\u00e9lyes, Vesz\u00e9lyes, Nemes horoszk\u00f3pok Yute &hellip; <\/p>\n","protected":false},"author":1,"featured_media":0,"parent":15,"menu_order":0,"comment_status":"closed","ping_status":"closed","template":"","meta":[],"_links":{"self":[{"href":"https:\/\/asztrologiamester.com\/asztrologiamester\/wp-json\/wp\/v2\/pages\/737"}],"collection":[{"href":"https:\/\/asztrologiamester.com\/asztrologiamester\/wp-json\/wp\/v2\/pages"}],"about":[{"href":"https:\/\/asztrologiamester.com\/asztrologiamester\/wp-json\/wp\/v2\/types\/page"}],"author":[{"embeddable":true,"href":"https:\/\/asztrologiamester.com\/asztrologiamester\/wp-json\/wp\/v2\/users\/1"}],"replies":[{"embeddable":true,"href":"https:\/\/asztrologiamester.com\/asztrologiamester\/wp-json\/wp\/v2\/comments?post=737"}],"version-history":[{"count":9,"href":"https:\/\/asztrologiamester.com\/asztrologiamester\/wp-json\/wp\/v2\/pages\/737\/revisions"}],"predecessor-version":[{"id":1794,"href":"https:\/\/asztrologiamester.com\/asztrologiamester\/wp-json\/wp\/v2\/pages\/737\/revisions\/1794"}],"up":[{"embeddable":true,"href":"https:\/\/asztrologiamester.com\/asztrologiamester\/wp-json\/wp\/v2\/pages\/15"}],"wp:attachment":[{"href":"https:\/\/asztrologiamester.com\/asztrologiamester\/wp-json\/wp\/v2\/media?parent=737"}],"curies":[{"name":"wp","href":"https:\/\/api.w.org\/{rel}","templated":true}]}}