{"id":735,"date":"2017-04-05T11:31:47","date_gmt":"2017-04-05T09:31:47","guid":{"rendered":"http:\/\/asztrologiamester.com\/?page_id=735"},"modified":"2024-04-08T21:01:31","modified_gmt":"2024-04-08T19:01:31","slug":"kozephalado-kinai-asztrologia-kurzus","status":"publish","type":"page","link":"https:\/\/asztrologiamester.com\/asztrologiamester\/bazi-asztrologus-kepzo\/kozephalado-kinai-asztrologia-kurzus\/","title":{"rendered":"K\u00f6z\u00e9phalad\u00f3 K\u00ednai Asztrol\u00f3gia Kurzus"},"content":{"rendered":"<h2 style=\"text-align: center;\"><span style=\"color: #8c0101;\"><strong>K\u00f6z\u00e9phalad\u00f3 K\u00ednai Asztrol\u00f3gia Kurzus Tematik\u00e1ja<\/strong><\/span><\/h2>\n<p><a href=\"http:\/\/asztrologiamester.com\/asztrologiamester\/wp-content\/uploads\/2016\/10\/o-CHINESE-HOROSCOPE-facebook-e1477327311787.jpg\"><img loading=\"lazy\" class=\"aligncenter wp-image-233 size-full\" src=\"http:\/\/asztrologiamester.com\/asztrologiamester\/wp-content\/uploads\/2016\/10\/o-CHINESE-HOROSCOPE-facebook-e1477327311787.jpg\" alt=\"\" width=\"400\" height=\"400\"><\/a><\/p>\n<ol>\n<li><strong>Sap San kreat\u00edv ciklus<\/strong><\/li>\n<li><strong>Sap San ciklusok<\/strong><\/li>\n<li><strong>Mennyei&nbsp;T\u00f6rzsek&nbsp;Sap San ciklusai<\/strong><\/li>\n<li><strong>F\u00f6ldi \u00c1gak Sap San ciklusai<\/strong><\/li>\n<li><strong>Speci\u00e1lis form\u00e1k<\/strong>\n<ul>\n<li><strong>K\u00f6vesd az ir\u00e1nyt<\/strong><\/li>\n<li><strong>K\u00f6vesd a gyenge vezet\u0151t<\/strong><\/li>\n<li><strong>Chi&nbsp;transzform\u00e1ci\u00f3<\/strong><\/li>\n<li><strong>&nbsp;K\u00f6vesd az er\u0151s vezet\u0151t<\/strong><\/li>\n<\/ul>\n<\/li>\n<li><strong>Az \u00c9leth\u00e1z&nbsp;jelent\u00e9se \u00e9s \u00e9ves el\u0151rejelz\u00e9s az \u00c9leth\u00e1z szerint<\/strong><\/li>\n<li><strong>Sap San kapcsol\u00f3d\u00e1sa a hat Kinship-hez<\/strong><\/li>\n<li><strong>Hogyan v\u00e1lasszuk ki a&nbsp;megfelel\u0151&nbsp;t\u00e1mogat\u00f3 elemeket a horoszk\u00f3phoz:<\/strong>\n<ul>\n<li><strong>A t\u00fal meleg \u00e9s sz\u00e1raz horoszk\u00f3p harmoniz\u00e1l\u00e1s<\/strong><\/li>\n<li><strong>A t\u00fal vizes \u00e9s hideg&nbsp;horoszk\u00f3p gy\u00f3gy\u00edrja<\/strong><\/li>\n<li><strong>Vannak-e a horoszk\u00f3pban \u00fctk\u00f6z\u0151 elemek?<\/strong><\/li>\n<li><strong>Gyenge horoszk\u00f3p t\u00e1mogat\u00f3&nbsp;elemei<\/strong><\/li>\n<li><strong>Er\u0151s horoszk\u00f3p&nbsp;kontroll\u00e1l\u00f3 hat\u00e1sa<\/strong><\/li>\n<\/ul>\n<\/li>\n<li><strong>Fan Tai Sui \u2013 \u00fctk\u00f6z\u00e9s a Grand Duke-kal<\/strong><\/li>\n<li><strong>San Sat \u2013 T\u00fcnd\u00e9rek \u00e9s \u00f6rd\u00f6g\u00f6k \u2013 J\u00f3 \u00e9s Rossz Csillagok:<\/strong><br \/>\n<strong> Tin Yute Gwai&nbsp;Yan, Man Cheung, Yeung Yan, Sap Gron Luk, Loy\/Hong Yim Sat,<\/strong><br \/>\n<strong> Jeung Sing, Wah Koi, Yik Ma, Gip Sat, Mong San, Toe Far, Goo San,&nbsp;Qua Suk,<\/strong><br \/>\n<strong> Yun San,Tin Duk, Yute Duk and Yute Jeung<\/strong><\/li>\n<li><strong>H\u00edres horoszk\u00f3p p\u00e9ld\u00e1k<\/strong><\/li>\n<\/ol>\n<p><strong>Az oktat\u00e1s t\u00f6rt\u00e9nhet kis csoportban \u00e9s\/vagy egy\u00e9ni form\u00e1ban is.<\/strong><\/p>\n<ul>\n<li><strong><span style=\"color: #000000;\">4 alkalmas Webinar&nbsp;<\/span><\/strong><\/li>\n<li><strong><span style=\"color: #000000;\">4 alkalmas szem\u00e9lyes online szemin\u00e1rium<\/span><\/strong><\/li>\n<\/ul>\n<p><strong>A tand\u00edj egy\u00e9nileg lesz meg\u00e1llap\u00edtva.<\/strong><br \/>\n<strong> A tand\u00edj egy\u00e9ni meg\u00e1llap\u00edt\u00e1sa miatt ker\u00fclj\u00f6n kapcsolatba az al\u00e1bbi emailc\u00edmen Dr. Neuhauser Krisztina Autentikus K\u00ednai Horoszk\u00f3p Mesterrel.&nbsp;<a href=\"mailto:kristina@professionalfengshui.com\">kristina@professionalfengshui.com<\/a><\/strong><\/p>\n<p><span style=\"color: #8c0101;\"><strong>Elismer\u0151 nyilatkozat<\/strong><\/span><\/p>\n<p><strong><a href=\"http:\/\/asztrologiamester.com\/wp-content\/uploads\/2016\/10\/Vondi.jpg\"><img loading=\"lazy\" class=\"alignright size-medium wp-image-222\" src=\"http:\/\/asztrologiamester.com\/wp-content\/uploads\/2016\/10\/Vondi-164x300.jpg\" alt=\"vondi\" width=\"164\" height=\"300\" srcset=\"https:\/\/asztrologiamester.com\/asztrologiamester\/wp-content\/uploads\/2016\/10\/Vondi-164x300.jpg 164w, https:\/\/asztrologiamester.com\/asztrologiamester\/wp-content\/uploads\/2016\/10\/Vondi.jpg 185w\" sizes=\"(max-width: 164px) 100vw, 164px\" \/><\/a>\u201eKedves Krisztina!<\/strong><\/p>\n<p><strong>Ami\u00f3ta a Feng Shui \u00e9letem meghat\u00e1roz\u00f3ja lett, minden jobb \u00e9s kisz\u00e1mithat\u00f3bb lett k\u00f6r\u00fcl\u00f6ttem. A sorsomat tudom ir\u00e1nyitani, a lelki\u00e1llapotom nyugodt \u00e9s mindent el\u00e9rek a munk\u00e1mban amit akarok. A betegeim gy\u00f3gyul\u00e1sa gyorsabb lett az\u00e1ltal, hogy megtudom hat\u00e1rozni a vel\u00fck sz\u00fcletett er\u0151ket a benn\u00fck rejl\u0151 energi\u00e1kat a Feng Shui segits\u00e9g\u00e9vel. \u00cdgy szem\u00e9lyre sz\u00f3l\u00f3 speci\u00e1lis ter\u00e1pi\u00e1t tudok javasolni ami l\u00e9nyegesen ler\u00f6viditi a gy\u00f3gyul\u00e1si id\u0151t! Erre alapoztam az \u00faj gy\u00f3gyit\u00f3 hely A Meg\u00faj\u00fal\u00f3 \u00c9let H\u00e1z\u00e1nak a l\u00e9trehoz\u00e1s\u00e1t is amit a Te tan\u00e1csaidat k\u00f6vetve alakitottam ki. A hely felszentel\u00e9s\u00e9t is term\u00e9szetesen Te v\u00e9gezted el amit ez\u00faton is m\u00e9ly tisztelettel k\u00f6sz\u00f6n\u00f6k! Ami\u00f3ta a gy\u00f3gy\u00edt\u00f3 hely felszentel\u00e9se megt\u00f6rt\u00e9nt felgyorsultak a testi \u00e9s lelki gy\u00f3gy\u00edt\u00f3 folyamatok!<\/strong><\/p>\n<p><strong>K\u00f6sz\u00f6n\u00f6m a csod\u00e1t aminek r\u00e9szese lehetek \u00e1ltalad! K\u00edv\u00e1nok sz\u00e1modra j\u00f3 eg\u00e9szs\u00e9get hogy m\u00e9g nagyon sok\u00e1ig \u00e9s min\u00e9l t\u00f6bb embernek tudj seg\u00edteni ezzel a csod\u00e1latos tudom\u00e1nnyal amit Mesterfokon m\u0171velsz!<\/strong><\/p>\n<p><strong>Bar\u00e1ti \u00f6lel\u00e9ssel:<\/strong><\/p>\n<p><strong>Vondorkovics M\u00e1ria<\/strong><\/p>\n","protected":false},"excerpt":{"rendered":"<p>K\u00f6z\u00e9phalad\u00f3 K\u00ednai Asztrol\u00f3gia Kurzus Tematik\u00e1ja Sap San kreat\u00edv ciklus Sap San ciklusok Mennyei&nbsp;T\u00f6rzsek&nbsp;Sap San ciklusai F\u00f6ldi \u00c1gak Sap San ciklusai Speci\u00e1lis form\u00e1k K\u00f6vesd az ir\u00e1nyt K\u00f6vesd a gyenge vezet\u0151t Chi&nbsp;transzform\u00e1ci\u00f3 &nbsp;K\u00f6vesd az er\u0151s vezet\u0151t Az \u00c9leth\u00e1z&nbsp;jelent\u00e9se \u00e9s \u00e9ves el\u0151rejelz\u00e9s az \u00c9leth\u00e1z szerint Sap San kapcsol\u00f3d\u00e1sa a hat Kinship-hez Hogyan v\u00e1lasszuk ki a&nbsp;megfelel\u0151&nbsp;t\u00e1mogat\u00f3 elemeket a horoszk\u00f3phoz: &hellip; <\/p>\n","protected":false},"author":1,"featured_media":0,"parent":15,"menu_order":0,"comment_status":"closed","ping_status":"closed","template":"","meta":[],"_links":{"self":[{"href":"https:\/\/asztrologiamester.com\/asztrologiamester\/wp-json\/wp\/v2\/pages\/735"}],"collection":[{"href":"https:\/\/asztrologiamester.com\/asztrologiamester\/wp-json\/wp\/v2\/pages"}],"about":[{"href":"https:\/\/asztrologiamester.com\/asztrologiamester\/wp-json\/wp\/v2\/types\/page"}],"author":[{"embeddable":true,"href":"https:\/\/asztrologiamester.com\/asztrologiamester\/wp-json\/wp\/v2\/users\/1"}],"replies":[{"embeddable":true,"href":"https:\/\/asztrologiamester.com\/asztrologiamester\/wp-json\/wp\/v2\/comments?post=735"}],"version-history":[{"count":10,"href":"https:\/\/asztrologiamester.com\/asztrologiamester\/wp-json\/wp\/v2\/pages\/735\/revisions"}],"predecessor-version":[{"id":2062,"href":"https:\/\/asztrologiamester.com\/asztrologiamester\/wp-json\/wp\/v2\/pages\/735\/revisions\/2062"}],"up":[{"embeddable":true,"href":"https:\/\/asztrologiamester.com\/asztrologiamester\/wp-json\/wp\/v2\/pages\/15"}],"wp:attachment":[{"href":"https:\/\/asztrologiamester.com\/asztrologiamester\/wp-json\/wp\/v2\/media?parent=735"}],"curies":[{"name":"wp","href":"https:\/\/api.w.org\/{rel}","templated":true}]}}