{"id":60,"date":"2016-10-20T20:10:24","date_gmt":"2016-10-20T18:10:24","guid":{"rendered":"http:\/\/asztrologiamester.com\/?page_id=60"},"modified":"2024-05-05T15:15:23","modified_gmt":"2024-05-05T13:15:23","slug":"videok","status":"publish","type":"page","link":"https:\/\/asztrologiamester.com\/asztrologiamester\/videok\/","title":{"rendered":"Vide\u00f3k"},"content":{"rendered":"\t\t<div data-elementor-type=\"wp-page\" data-elementor-id=\"60\" class=\"elementor elementor-60\" data-elementor-settings=\"[]\">\n\t\t\t\t\t\t<div class=\"elementor-inner\">\n\t\t\t\t\t\t\t<div class=\"elementor-section-wrap\">\n\t\t\t\t\t\t\t<section class=\"elementor-section elementor-top-section elementor-element elementor-element-4b1fd99f elementor-section-boxed elementor-section-height-default elementor-section-height-default\" data-id=\"4b1fd99f\" data-element_type=\"section\">\n\t\t\t\t\t\t<div class=\"elementor-container elementor-column-gap-default\">\n\t\t\t\t\t\t\t<div class=\"elementor-row\">\n\t\t\t\t\t<div class=\"elementor-column elementor-col-100 elementor-top-column elementor-element elementor-element-5057067c\" data-id=\"5057067c\" data-element_type=\"column\">\n\t\t\t<div class=\"elementor-column-wrap elementor-element-populated\">\n\t\t\t\t\t\t\t<div class=\"elementor-widget-wrap\">\n\t\t\t\t\t\t<div class=\"elementor-element elementor-element-13d301c8 elementor-widget elementor-widget-text-editor\" data-id=\"13d301c8\" data-element_type=\"widget\" data-widget_type=\"text-editor.default\">\n\t\t\t\t<div class=\"elementor-widget-container\">\n\t\t\t\t\t<div class=\"elementor-text-editor elementor-clearfix\"><h4><strong>Feng Shui &#8211; Az \u00f3kori k\u00ednai tud\u00e1s <\/strong>rendszere<\/h4><p><iframe title=\"Feng Shui | A system of ancient Chinese knowledge (Hello China #38)\" width=\"925\" height=\"694\" src=\"https:\/\/www.youtube.com\/embed\/7XRHUQOfsns?feature=oembed\" frameborder=\"0\" allow=\"accelerometer; autoplay; clipboard-write; encrypted-media; gyroscope; picture-in-picture; web-share\" referrerpolicy=\"strict-origin-when-cross-origin\" allowfullscreen><\/iframe><\/p><h4>\u00a0<\/h4><h4><strong>Feng Shui lakberendez\u00e9si \u00f6tletek<\/strong><\/h4><p><iframe title=\"Feng Shui Home Decorating Ideas\" width=\"925\" height=\"520\" src=\"https:\/\/www.youtube.com\/embed\/_JxVA5eziyk?feature=oembed\" frameborder=\"0\" allow=\"accelerometer; autoplay; clipboard-write; encrypted-media; gyroscope; picture-in-picture; web-share\" referrerpolicy=\"strict-origin-when-cross-origin\" allowfullscreen><\/iframe><\/p><h4>\u00a0<\/h4><h4><strong>K\u00ednai csal\u00e1di \u00e9rt\u00e9kek<\/strong><\/h4><p><iframe title=\"Chinese family values (Hello China #70)\" width=\"925\" height=\"694\" src=\"https:\/\/www.youtube.com\/embed\/wLJoPWNBjjA?feature=oembed\" frameborder=\"0\" allow=\"accelerometer; autoplay; clipboard-write; encrypted-media; gyroscope; picture-in-picture; web-share\" referrerpolicy=\"strict-origin-when-cross-origin\" allowfullscreen><\/iframe><\/p><h4>\u00a0<\/h4><h4><strong>Konfuciusz \u00e9s a k\u00ednai asztrol\u00f3gia<\/strong><\/h4><p><iframe title=\"Confucius and Chinese philosophy (Hello China #3)\" width=\"925\" height=\"694\" src=\"https:\/\/www.youtube.com\/embed\/XCpVYrZ3ADc?feature=oembed\" frameborder=\"0\" allow=\"accelerometer; autoplay; clipboard-write; encrypted-media; gyroscope; picture-in-picture; web-share\" referrerpolicy=\"strict-origin-when-cross-origin\" allowfullscreen><\/iframe><\/p><h4>\u00a0<\/h4><h4><strong>K\u00ednai l\u00e1mp\u00e1s szok\u00e1sok<\/strong><\/h4><p><iframe title=\"Chinese lantern customs (Hello China #81)\" width=\"925\" height=\"694\" src=\"https:\/\/www.youtube.com\/embed\/jJ0YbUOUsuw?feature=oembed\" frameborder=\"0\" allow=\"accelerometer; autoplay; clipboard-write; encrypted-media; gyroscope; picture-in-picture; web-share\" referrerpolicy=\"strict-origin-when-cross-origin\" allowfullscreen><\/iframe><\/p><h4>\u00a0<\/h4><h4><strong>K\u00ednai etikett &#8211; A term\u00e9szet tisztelete<\/strong><\/h4><p><iframe title=\"Chinese etiquette | Respect for nature (Hello China #44)\" width=\"925\" height=\"694\" src=\"https:\/\/www.youtube.com\/embed\/kKKcOIbUozw?feature=oembed\" frameborder=\"0\" allow=\"accelerometer; autoplay; clipboard-write; encrypted-media; gyroscope; picture-in-picture; web-share\" referrerpolicy=\"strict-origin-when-cross-origin\" allowfullscreen><\/iframe><\/p><h4>\u00a0<\/h4><h4><strong>K\u00ednai esk\u00fcv\u0151i szok\u00e1sok<\/strong><\/h4><p><iframe title=\"Chinese wedding customs (Hello China #41)\" width=\"925\" height=\"694\" src=\"https:\/\/www.youtube.com\/embed\/jITHgX2G08c?feature=oembed\" frameborder=\"0\" allow=\"accelerometer; autoplay; clipboard-write; encrypted-media; gyroscope; picture-in-picture; web-share\" referrerpolicy=\"strict-origin-when-cross-origin\" allowfullscreen><\/iframe><\/p><h4>\u00a0<\/h4><h4><strong>A k\u00ednai horoszk\u00f3p \u00e1llatai<\/strong><\/h4><p><iframe title=\"Animals of the Chinese zodiac (Hello China #37)\" width=\"925\" height=\"694\" src=\"https:\/\/www.youtube.com\/embed\/jxh347n7DvQ?feature=oembed\" frameborder=\"0\" allow=\"accelerometer; autoplay; clipboard-write; encrypted-media; gyroscope; picture-in-picture; web-share\" referrerpolicy=\"strict-origin-when-cross-origin\" allowfullscreen><\/iframe><\/p><h4>\u00a0<\/h4><h4><strong>\u0150sz k\u00f6zepi fesztiv\u00e1l bevezet\u0151<\/strong><\/h4><p><iframe title=\"Spring Festival and its colourful traditions (Hello China #31)\" width=\"925\" height=\"694\" src=\"https:\/\/www.youtube.com\/embed\/lEtADJI97Q0?feature=oembed\" frameborder=\"0\" allow=\"accelerometer; autoplay; clipboard-write; encrypted-media; gyroscope; picture-in-picture; web-share\" referrerpolicy=\"strict-origin-when-cross-origin\" allowfullscreen><\/iframe><\/p><h4>\u00a0<\/h4><h4><b>Nap \u00e9s a k\u00ednai naprendszer\u00a0<\/b><\/h4><p><iframe title=\"Sun and Chinese solar terms (Hello China #6)\" width=\"925\" height=\"694\" src=\"https:\/\/www.youtube.com\/embed\/3dnlCJclKxY?feature=oembed\" frameborder=\"0\" allow=\"accelerometer; autoplay; clipboard-write; encrypted-media; gyroscope; picture-in-picture; web-share\" referrerpolicy=\"strict-origin-when-cross-origin\" allowfullscreen><\/iframe><\/p><h4>\u00a0<\/h4><h4><b>Hold \u00e9s a jelent\u0151s\u00e9ge a k\u00ednai kult\u00far\u00e1ban<\/b><\/h4><p><iframe title=\"Moon and its significance in Chinese culture (Hello China #7)\" width=\"925\" height=\"694\" src=\"https:\/\/www.youtube.com\/embed\/T01yxgM2wS8?feature=oembed\" frameborder=\"0\" allow=\"accelerometer; autoplay; clipboard-write; encrypted-media; gyroscope; picture-in-picture; web-share\" referrerpolicy=\"strict-origin-when-cross-origin\" allowfullscreen><\/iframe><\/p><h4>\u00a0<\/h4><h4><b>A nyomtat\u00e1s tal\u00e1lm\u00e1nya<\/b><\/h4><p><iframe title=\"Invention of printing (Hello China #12)\" width=\"925\" height=\"694\" src=\"https:\/\/www.youtube.com\/embed\/fcEEPzbgC_k?feature=oembed\" frameborder=\"0\" allow=\"accelerometer; autoplay; clipboard-write; encrypted-media; gyroscope; picture-in-picture; web-share\" referrerpolicy=\"strict-origin-when-cross-origin\" allowfullscreen><\/iframe><\/p><h4>\u00a0<\/h4><h4><b>Hagyom\u00e1nyos k\u00ednai fest\u00e9szet<\/b><\/h4><p><iframe title=\"Traditional Chinese painting | Water, ink and poetry (Hello China #14)\" width=\"925\" height=\"694\" src=\"https:\/\/www.youtube.com\/embed\/JNcaXaJv56A?feature=oembed\" frameborder=\"0\" allow=\"accelerometer; autoplay; clipboard-write; encrypted-media; gyroscope; picture-in-picture; web-share\" referrerpolicy=\"strict-origin-when-cross-origin\" allowfullscreen><\/iframe><\/p><h4>\u00a0<\/h4><h4><b>A t\u00e1nc \u00f6sszehozza a k\u00ednai embereket<\/b><\/h4><p><iframe title=\"Dance brings Chinese people together (Hello China #16)\" width=\"925\" height=\"694\" src=\"https:\/\/www.youtube.com\/embed\/vy_4LFNZZlw?feature=oembed\" frameborder=\"0\" allow=\"accelerometer; autoplay; clipboard-write; encrypted-media; gyroscope; picture-in-picture; web-share\" referrerpolicy=\"strict-origin-when-cross-origin\" allowfullscreen><\/iframe><\/p><h4>\u00a0<\/h4><h4><b>A k\u00ednai zene \u00e9s eredete\u00a0<\/b><\/h4><p><iframe title=\"Chinese music and its natural origins (Hello China #17)\" width=\"925\" height=\"694\" src=\"https:\/\/www.youtube.com\/embed\/-NMgdh7Xxc8?feature=oembed\" frameborder=\"0\" allow=\"accelerometer; autoplay; clipboard-write; encrypted-media; gyroscope; picture-in-picture; web-share\" referrerpolicy=\"strict-origin-when-cross-origin\" allowfullscreen><\/iframe><\/p><h4>\u00a0<\/h4><h4><b>Bambusz a k\u00ednai kult\u00far\u00e1ban<\/b><\/h4><p><iframe title=\"Bamboo in Chinese culture (Hello China #23)\" width=\"925\" height=\"694\" src=\"https:\/\/www.youtube.com\/embed\/QKmYQmWdJTc?feature=oembed\" frameborder=\"0\" allow=\"accelerometer; autoplay; clipboard-write; encrypted-media; gyroscope; picture-in-picture; web-share\" referrerpolicy=\"strict-origin-when-cross-origin\" allowfullscreen><\/iframe><\/p><h4>\u00a0<\/h4><h4><b>S\u00e1rk\u00e1nyok &#8211; A hatalom k\u00ednai szimb\u00f3luma<\/b><\/h4><p><iframe title=\"Hello China   Dragon\" width=\"925\" height=\"694\" src=\"https:\/\/www.youtube.com\/embed\/8tTY7JRnSZ4?feature=oembed\" frameborder=\"0\" allow=\"accelerometer; autoplay; clipboard-write; encrypted-media; gyroscope; picture-in-picture; web-share\" referrerpolicy=\"strict-origin-when-cross-origin\" allowfullscreen><\/iframe><\/p><h4>\u00a0<\/h4><h4><b>S\u00e1rk\u00e1nyhaj\u00f3-fesztiv\u00e1l \u00e9s annak tragikus eredete<\/b><\/h4><p><iframe title=\"Dragon Boat Festival and its tragic origins (Hello China #33)\" width=\"925\" height=\"694\" src=\"https:\/\/www.youtube.com\/embed\/UYtZ6KX-IkM?start=3&feature=oembed\" frameborder=\"0\" allow=\"accelerometer; autoplay; clipboard-write; encrypted-media; gyroscope; picture-in-picture; web-share\" referrerpolicy=\"strict-origin-when-cross-origin\" allowfullscreen><\/iframe><\/p><p>\u00a0<\/p><h4><b>K\u00ednai kertek<\/b><\/h4><p><iframe title=\"Chinese gardens (Hello China #54)\" width=\"925\" height=\"694\" src=\"https:\/\/www.youtube.com\/embed\/Bb2cIkBcFb0?feature=oembed\" frameborder=\"0\" allow=\"accelerometer; autoplay; clipboard-write; encrypted-media; gyroscope; picture-in-picture; web-share\" referrerpolicy=\"strict-origin-when-cross-origin\" allowfullscreen><\/iframe><\/p><\/div>\n\t\t\t\t<\/div>\n\t\t\t\t<\/div>\n\t\t\t\t\t\t<\/div>\n\t\t\t\t\t<\/div>\n\t\t<\/div>\n\t\t\t\t\t\t\t\t<\/div>\n\t\t\t\t\t<\/div>\n\t\t<\/section>\n\t\t\t\t\t\t<\/div>\n\t\t\t\t\t\t<\/div>\n\t\t\t\t\t<\/div>\n\t\t","protected":false},"excerpt":{"rendered":"<p>Feng Shui &#8211; Az \u00f3kori k\u00ednai tud\u00e1s rendszere \u00a0 Feng Shui lakberendez\u00e9si \u00f6tletek \u00a0 K\u00ednai csal\u00e1di \u00e9rt\u00e9kek \u00a0 Konfuciusz \u00e9s a k\u00ednai asztrol\u00f3gia \u00a0 K\u00ednai l\u00e1mp\u00e1s szok\u00e1sok \u00a0 K\u00ednai etikett &#8211; A term\u00e9szet tisztelete \u00a0 K\u00ednai esk\u00fcv\u0151i szok\u00e1sok \u00a0 A k\u00ednai horoszk\u00f3p \u00e1llatai \u00a0 \u0150sz k\u00f6zepi fesztiv\u00e1l bevezet\u0151 \u00a0 Nap \u00e9s a k\u00ednai naprendszer\u00a0 \u00a0 &hellip; <\/p>\n","protected":false},"author":1,"featured_media":0,"parent":0,"menu_order":0,"comment_status":"closed","ping_status":"closed","template":"","meta":[],"_links":{"self":[{"href":"https:\/\/asztrologiamester.com\/asztrologiamester\/wp-json\/wp\/v2\/pages\/60"}],"collection":[{"href":"https:\/\/asztrologiamester.com\/asztrologiamester\/wp-json\/wp\/v2\/pages"}],"about":[{"href":"https:\/\/asztrologiamester.com\/asztrologiamester\/wp-json\/wp\/v2\/types\/page"}],"author":[{"embeddable":true,"href":"https:\/\/asztrologiamester.com\/asztrologiamester\/wp-json\/wp\/v2\/users\/1"}],"replies":[{"embeddable":true,"href":"https:\/\/asztrologiamester.com\/asztrologiamester\/wp-json\/wp\/v2\/comments?post=60"}],"version-history":[{"count":23,"href":"https:\/\/asztrologiamester.com\/asztrologiamester\/wp-json\/wp\/v2\/pages\/60\/revisions"}],"predecessor-version":[{"id":2132,"href":"https:\/\/asztrologiamester.com\/asztrologiamester\/wp-json\/wp\/v2\/pages\/60\/revisions\/2132"}],"wp:attachment":[{"href":"https:\/\/asztrologiamester.com\/asztrologiamester\/wp-json\/wp\/v2\/media?parent=60"}],"curies":[{"name":"wp","href":"https:\/\/api.w.org\/{rel}","templated":true}]}}