{"id":2213,"date":"2026-01-14T21:43:01","date_gmt":"2026-01-14T19:43:01","guid":{"rendered":"http:\/\/asztrologiamester.com\/asztrologiamester\/?page_id=2213"},"modified":"2026-01-14T21:46:38","modified_gmt":"2026-01-14T19:46:38","slug":"chue-style-qi-gong","status":"publish","type":"page","link":"https:\/\/asztrologiamester.com\/asztrologiamester\/chue-style-qi-gong\/","title":{"rendered":"Chue Style Qi Gong"},"content":{"rendered":"\t\t<div data-elementor-type=\"wp-page\" data-elementor-id=\"2213\" class=\"elementor elementor-2213\" data-elementor-settings=\"[]\">\n\t\t\t\t\t\t<div class=\"elementor-inner\">\n\t\t\t\t\t\t\t<div class=\"elementor-section-wrap\">\n\t\t\t\t\t\t\t<section class=\"elementor-section elementor-top-section elementor-element elementor-element-988c5f5 elementor-section-boxed elementor-section-height-default elementor-section-height-default\" data-id=\"988c5f5\" data-element_type=\"section\">\n\t\t\t\t\t\t<div class=\"elementor-container elementor-column-gap-default\">\n\t\t\t\t\t\t\t<div class=\"elementor-row\">\n\t\t\t\t\t<div class=\"elementor-column elementor-col-100 elementor-top-column elementor-element elementor-element-4c8ba4f\" data-id=\"4c8ba4f\" data-element_type=\"column\">\n\t\t\t<div class=\"elementor-column-wrap elementor-element-populated\">\n\t\t\t\t\t\t\t<div class=\"elementor-widget-wrap\">\n\t\t\t\t\t\t<div class=\"elementor-element elementor-element-a63538e elementor-widget elementor-widget-image\" data-id=\"a63538e\" data-element_type=\"widget\" data-widget_type=\"image.default\">\n\t\t\t\t<div class=\"elementor-widget-container\">\n\t\t\t\t\t<div class=\"elementor-image\">\n\t\t\t\t\t\t\t\t\t\t<img width=\"768\" height=\"389\" src=\"https:\/\/asztrologiamester.com\/asztrologiamester\/wp-content\/uploads\/2026\/01\/WeChat-Image_20170517143957-850x430-1-768x389-1.jpg\" class=\"attachment-large size-large\" alt=\"\" loading=\"lazy\" srcset=\"https:\/\/asztrologiamester.com\/asztrologiamester\/wp-content\/uploads\/2026\/01\/WeChat-Image_20170517143957-850x430-1-768x389-1.jpg 768w, https:\/\/asztrologiamester.com\/asztrologiamester\/wp-content\/uploads\/2026\/01\/WeChat-Image_20170517143957-850x430-1-768x389-1-300x152.jpg 300w, https:\/\/asztrologiamester.com\/asztrologiamester\/wp-content\/uploads\/2026\/01\/WeChat-Image_20170517143957-850x430-1-768x389-1-118x60.jpg 118w\" sizes=\"(max-width: 768px) 100vw, 768px\" \/>\t\t\t\t\t\t\t\t\t\t\t<\/div>\n\t\t\t\t<\/div>\n\t\t\t\t<\/div>\n\t\t\t\t<div class=\"elementor-element elementor-element-85e9b38 elementor-widget elementor-widget-text-editor\" data-id=\"85e9b38\" data-element_type=\"widget\" data-widget_type=\"text-editor.default\">\n\t\t\t\t<div class=\"elementor-widget-container\">\n\t\t\t\t\t<div class=\"elementor-text-editor elementor-clearfix\"><p>A qigong egy gyeng\u00e9d testmozg\u00e1s, amely t\u00f6bbsz\u00f6r megism\u00e9telt mozdulatokb\u00f3l \u00e1ll.<\/p><p>A qigong hat\u00e9konys\u00e1g\u00e1t K\u00edn\u00e1ban t\u00f6bb ezer \u00e9ve bizony\u00edtja az, hogy t\u00f6bb milli\u00f3 ember eg\u00e9szs\u00e9g\u00e9re gyakorolt j\u00f3t\u00e9kony hat\u00e1sa.<\/p><p>A gyeng\u00e9d mozdulatok r\u00e9v\u00e9n a bels\u0151 \u00e9s k\u00fcls\u0151 chi egyens\u00falyba ker\u00fcl.<\/p><p>A qigong gyakorl\u00e1sa ment\u00e1lis tisztas\u00e1got ad \u00e9s seg\u00edt kezelni a stresszt, a haragot, a depresszi\u00f3t, a morbid gondolatokat \u00e9s az \u00e1ltal\u00e1nos zavart, amelyek akkor gy\u00f6trik az elm\u00e9t, amikor a chi nincs szab\u00e1lyozva \u00e9s egyens\u00falyban.<\/p><p>A taoizmus szerint minden emberben megtal\u00e1lhat\u00f3k \u201ea h\u00e1rom kincs\u201d \u2013 a jing (sperma\/petef\u00e9szek energia, vagy a fizikai test esszenci\u00e1ja), a chi (energia, bele\u00e9rtve a gondolatokat \u00e9s \u00e9rzelmeket) \u00e9s a shen (szellem vagy spiritu\u00e1lis er\u0151). A Wu (\u00fcress\u00e9g) sz\u00fcli \u00e9s integr\u00e1lja a h\u00e1rom kincset.<\/p><p>A Chue st\u00edlus\u00fa qigong a k\u00ednai cs\u00e1sz\u00e1r cs\u00e1sz\u00e1ri palot\u00e1j\u00e1b\u00f3l sz\u00e1rmazik.<\/p><\/div>\n\t\t\t\t<\/div>\n\t\t\t\t<\/div>\n\t\t\t\t<div class=\"elementor-element elementor-element-2b7c841 elementor-widget elementor-widget-heading\" data-id=\"2b7c841\" data-element_type=\"widget\" data-widget_type=\"heading.default\">\n\t\t\t\t<div class=\"elementor-widget-container\">\n\t\t\t<h3 class=\"elementor-heading-title elementor-size-default\">A tanfolyam inform\u00e1ci\u00f3i:<\/h3>\t\t<\/div>\n\t\t\t\t<\/div>\n\t\t\t\t<div class=\"elementor-element elementor-element-68340d8 elementor-widget elementor-widget-text-editor\" data-id=\"68340d8\" data-element_type=\"widget\" data-widget_type=\"text-editor.default\">\n\t\t\t\t<div class=\"elementor-widget-container\">\n\t\t\t\t\t<div class=\"elementor-text-editor elementor-clearfix\"><p>\u2013 Napok sz\u00e1ma: 2 nap<br \/>\u2013 Iskola: Imperial School of Professional Feng Shui<br \/>\u2013 Tan\u00e1r: Kristina Neuhauser mester<br \/>\u2013 Nyelv: angol<br \/>\u2013 Id\u0151: 10-12 \u00f3ra\/nap<\/p><\/div>\n\t\t\t\t<\/div>\n\t\t\t\t<\/div>\n\t\t\t\t<div class=\"elementor-element elementor-element-5201f35 elementor-widget elementor-widget-text-editor\" data-id=\"5201f35\" data-element_type=\"widget\" data-widget_type=\"text-editor.default\">\n\t\t\t\t<div class=\"elementor-widget-container\">\n\t\t\t\t\t<div class=\"elementor-text-editor elementor-clearfix\"><p>HA FELKELTETTE \u00c9RDEKL\u0150D\u00c9SED A TANFOLYAM, K\u00c9RLEK VEDD FEL VELEM A KAPCSOLATOT \u00c9S K\u00c9RJ AJ\u00c1NLATOT!<\/p><\/div>\n\t\t\t\t<\/div>\n\t\t\t\t<\/div>\n\t\t\t\t\t\t<\/div>\n\t\t\t\t\t<\/div>\n\t\t<\/div>\n\t\t\t\t\t\t\t\t<\/div>\n\t\t\t\t\t<\/div>\n\t\t<\/section>\n\t\t\t\t\t\t<\/div>\n\t\t\t\t\t\t<\/div>\n\t\t\t\t\t<\/div>\n\t\t","protected":false},"excerpt":{"rendered":"<p>A qigong egy gyeng\u00e9d testmozg\u00e1s, amely t\u00f6bbsz\u00f6r megism\u00e9telt mozdulatokb\u00f3l \u00e1ll. A qigong hat\u00e9konys\u00e1g\u00e1t K\u00edn\u00e1ban t\u00f6bb ezer \u00e9ve bizony\u00edtja az, hogy t\u00f6bb milli\u00f3 ember eg\u00e9szs\u00e9g\u00e9re gyakorolt j\u00f3t\u00e9kony hat\u00e1sa. A gyeng\u00e9d mozdulatok r\u00e9v\u00e9n a bels\u0151 \u00e9s k\u00fcls\u0151 chi egyens\u00falyba ker\u00fcl. A qigong gyakorl\u00e1sa ment\u00e1lis tisztas\u00e1got ad \u00e9s seg\u00edt kezelni a stresszt, a haragot, a depresszi\u00f3t, a morbid &hellip; <\/p>\n","protected":false},"author":1,"featured_media":0,"parent":0,"menu_order":0,"comment_status":"closed","ping_status":"closed","template":"","meta":[],"_links":{"self":[{"href":"https:\/\/asztrologiamester.com\/asztrologiamester\/wp-json\/wp\/v2\/pages\/2213"}],"collection":[{"href":"https:\/\/asztrologiamester.com\/asztrologiamester\/wp-json\/wp\/v2\/pages"}],"about":[{"href":"https:\/\/asztrologiamester.com\/asztrologiamester\/wp-json\/wp\/v2\/types\/page"}],"author":[{"embeddable":true,"href":"https:\/\/asztrologiamester.com\/asztrologiamester\/wp-json\/wp\/v2\/users\/1"}],"replies":[{"embeddable":true,"href":"https:\/\/asztrologiamester.com\/asztrologiamester\/wp-json\/wp\/v2\/comments?post=2213"}],"version-history":[{"count":4,"href":"https:\/\/asztrologiamester.com\/asztrologiamester\/wp-json\/wp\/v2\/pages\/2213\/revisions"}],"predecessor-version":[{"id":2219,"href":"https:\/\/asztrologiamester.com\/asztrologiamester\/wp-json\/wp\/v2\/pages\/2213\/revisions\/2219"}],"wp:attachment":[{"href":"https:\/\/asztrologiamester.com\/asztrologiamester\/wp-json\/wp\/v2\/media?parent=2213"}],"curies":[{"name":"wp","href":"https:\/\/api.w.org\/{rel}","templated":true}]}}