{"id":2197,"date":"2026-01-14T21:26:41","date_gmt":"2026-01-14T19:26:41","guid":{"rendered":"http:\/\/asztrologiamester.com\/asztrologiamester\/?page_id=2197"},"modified":"2026-01-14T21:46:42","modified_gmt":"2026-01-14T19:46:42","slug":"feng-shui-foundation-kurzus-a-modul","status":"publish","type":"page","link":"https:\/\/asztrologiamester.com\/asztrologiamester\/feng-shui-foundation-kurzus-a-modul\/","title":{"rendered":"FENG SHUI FOUNDATION kurzus A mudul"},"content":{"rendered":"\t\t<div data-elementor-type=\"wp-page\" data-elementor-id=\"2197\" class=\"elementor elementor-2197\" data-elementor-settings=\"[]\">\n\t\t\t\t\t\t<div class=\"elementor-inner\">\n\t\t\t\t\t\t\t<div class=\"elementor-section-wrap\">\n\t\t\t\t\t\t\t<section class=\"elementor-section elementor-top-section elementor-element elementor-element-3552eac elementor-section-boxed elementor-section-height-default elementor-section-height-default\" data-id=\"3552eac\" data-element_type=\"section\">\n\t\t\t\t\t\t<div class=\"elementor-container elementor-column-gap-default\">\n\t\t\t\t\t\t\t<div class=\"elementor-row\">\n\t\t\t\t\t<div class=\"elementor-column elementor-col-100 elementor-top-column elementor-element elementor-element-91fe2f8\" data-id=\"91fe2f8\" data-element_type=\"column\">\n\t\t\t<div class=\"elementor-column-wrap elementor-element-populated\">\n\t\t\t\t\t\t\t<div class=\"elementor-widget-wrap\">\n\t\t\t\t\t\t<div class=\"elementor-element elementor-element-c8b1a6d elementor-widget elementor-widget-heading\" data-id=\"c8b1a6d\" data-element_type=\"widget\" data-widget_type=\"heading.default\">\n\t\t\t\t<div class=\"elementor-widget-container\">\n\t\t\t<h2 class=\"elementor-heading-title elementor-size-default\">Chue Style <\/h2>\t\t<\/div>\n\t\t\t\t<\/div>\n\t\t\t\t<div class=\"elementor-element elementor-element-219230f elementor-widget elementor-widget-heading\" data-id=\"219230f\" data-element_type=\"widget\" data-widget_type=\"heading.default\">\n\t\t\t\t<div class=\"elementor-widget-container\">\n\t\t\t<h3 class=\"elementor-heading-title elementor-size-default\">Kurzus \u00e1ttekint\u00e9se<\/h3>\t\t<\/div>\n\t\t\t\t<\/div>\n\t\t\t\t<div class=\"elementor-element elementor-element-d6c22c7 elementor-widget elementor-widget-text-editor\" data-id=\"d6c22c7\" data-element_type=\"widget\" data-widget_type=\"text-editor.default\">\n\t\t\t\t<div class=\"elementor-widget-container\">\n\t\t\t\t\t<div class=\"elementor-text-editor elementor-clearfix\"><p>Vil\u00e1gos \u00e9s hiteles bevezet\u00e9st ny\u00fajt a klasszikus feng shui-ba, amelyet a Chue st\u00edlusban tan\u00edtanak, nagy hangs\u00falyt fektetve az energia tudatoss\u00e1g\u00e1ra, a harm\u00f3ni\u00e1ra \u00e9s a gyakorlati alkalmaz\u00e1sra. Az A modul megalapozza annak meg\u00e9rt\u00e9s\u00e9t, hogy a t\u00e9r hogyan befoly\u00e1solja az \u00e9letet, a j\u00f3l\u00e9tet \u00e9s a tisztas\u00e1got. A tanfolyam \u00f6tv\u00f6zi a hagyom\u00e1nyos tud\u00e1st egy nyugodt, megalapozott megk\u00f6zel\u00edt\u00e9ssel, amely alkalmas mind a kezd\u0151k, mind azok sz\u00e1m\u00e1ra, akik m\u00e9lyebb, tudatosabb meg\u00e9rt\u00e9st keresnek a feng shui-r\u00f3l.<\/p><\/div>\n\t\t\t\t<\/div>\n\t\t\t\t<\/div>\n\t\t\t\t<div class=\"elementor-element elementor-element-aa56e08 elementor-widget elementor-widget-heading\" data-id=\"aa56e08\" data-element_type=\"widget\" data-widget_type=\"heading.default\">\n\t\t\t\t<div class=\"elementor-widget-container\">\n\t\t\t<h3 class=\"elementor-heading-title elementor-size-default\">A modul tartalma:<\/h3>\t\t<\/div>\n\t\t\t\t<\/div>\n\t\t\t\t<div class=\"elementor-element elementor-element-695dd2c elementor-widget elementor-widget-text-editor\" data-id=\"695dd2c\" data-element_type=\"widget\" data-widget_type=\"text-editor.default\">\n\t\t\t\t<div class=\"elementor-widget-container\">\n\t\t\t\t\t<div class=\"elementor-text-editor elementor-clearfix\"><p>Ebben az alapoz\u00f3 tr\u00e9ningen a k\u00f6vetkez\u0151t saj\u00e1t\u00edthatod el:<\/p><ul><li>A Qi elvei \u00e9s az energia t\u00e9rben val\u00f3 mozg\u00e1sa<\/li><li>A Yin \u00e9s Yang mint a k\u00f6rnyezet \u00e9s az \u00e9let egyens\u00faly\u00e1nak alapja<\/li><li>Az \u00f6t elem \u00e9s gyakorlati jelent\u0151s\u00e9g\u00fck a Feng Shui-ban<\/li><li>Bevezet\u00e9s a Bagua-ba \u00e9s annak szimbolikus nyelv\u00e9be<\/li><li>Hogyan hatnak a lak\u00f3terek az eg\u00e9szs\u00e9gre, az \u00e9rzelmekre \u00e9s a koncentr\u00e1ci\u00f3ra<\/li><li>Az energetikai blokkok felismer\u00e9se \u00e9s az \u00e1raml\u00e1s helyre\u00e1ll\u00edt\u00e1sa<\/li><li>Harm\u00f3nia teremt\u00e9se er\u0151szak \u00e9s t\u00falzott beavatkoz\u00e1s n\u00e9lk\u00fcl<\/li><\/ul><\/div>\n\t\t\t\t<\/div>\n\t\t\t\t<\/div>\n\t\t\t\t<div class=\"elementor-element elementor-element-0c4e9a2 elementor-widget elementor-widget-heading\" data-id=\"0c4e9a2\" data-element_type=\"widget\" data-widget_type=\"heading.default\">\n\t\t\t\t<div class=\"elementor-widget-container\">\n\t\t\t<h3 class=\"elementor-heading-title elementor-size-default\">Kinek sz\u00f3l a modul:<\/h3>\t\t<\/div>\n\t\t\t\t<\/div>\n\t\t\t\t<div class=\"elementor-element elementor-element-c11a3d6 elementor-widget elementor-widget-text-editor\" data-id=\"c11a3d6\" data-element_type=\"widget\" data-widget_type=\"text-editor.default\">\n\t\t\t\t<div class=\"elementor-widget-container\">\n\t\t\t\t\t<div class=\"elementor-text-editor elementor-clearfix\"><p>Kezd\u0151knek, akik m\u00e9g nem ismerik a feng shuit<\/p><ul><li>Qi gong, medit\u00e1ci\u00f3 vagy test-elme gyakorlatok gyakorl\u00f3i<\/li><li>Terapeut\u00e1k, tan\u00e1rok \u00e9s holisztikus szakemberek<\/li><li>B\u00e1rki, aki tudatosan szeretn\u00e9 jav\u00edtani \u00e9let- vagy munkak\u00f6r\u00fclm\u00e9nyeit<\/li><li>Nincs sz\u00fcks\u00e9g el\u0151zetes tapasztalatra.<\/li><\/ul><\/div>\n\t\t\t\t<\/div>\n\t\t\t\t<\/div>\n\t\t\t\t<div class=\"elementor-element elementor-element-bbe0fa2 elementor-widget elementor-widget-heading\" data-id=\"bbe0fa2\" data-element_type=\"widget\" data-widget_type=\"heading.default\">\n\t\t\t\t<div class=\"elementor-widget-container\">\n\t\t\t<h3 class=\"elementor-heading-title elementor-size-default\">Megh\u00edv\u00e1s<\/h3>\t\t<\/div>\n\t\t\t\t<\/div>\n\t\t\t\t<div class=\"elementor-element elementor-element-545821d elementor-widget elementor-widget-text-editor\" data-id=\"545821d\" data-element_type=\"widget\" data-widget_type=\"text-editor.default\">\n\t\t\t\t<div class=\"elementor-widget-container\">\n\t\t\t\t\t<div class=\"elementor-text-editor elementor-clearfix\"><p>Szeretettel megh\u00edvunk a Feng Shui alapkurzusra \u2013 Chue st\u00edlus, A modul.<br \/>Ez a kurzus t\u00f6bbet k\u00edn\u00e1l, mint technik\u00e1kat. Megh\u00edv\u00e1st jelent arra, hogy m\u00e1sk\u00e9pp l\u00e1sd, \u00e9rezd \u00e9s viszonyulj k\u00f6rnyezetedhez \u2013 tudatoss\u00e1ggal, tisztelettel \u00e9s finoms\u00e1ggal.<br \/>K\u00edm\u00e9letes \u00fatmutat\u00e1s \u00e9s hagyom\u00e1nyos elvek seg\u00edts\u00e9g\u00e9vel megtanulhatod, hogyan j\u00f6n l\u00e9tre a harm\u00f3nia, amikor a t\u00e9r, az energia \u00e9s a sz\u00e1nd\u00e9k \u00f6sszhangba ker\u00fclnek.<\/p><\/div>\n\t\t\t\t<\/div>\n\t\t\t\t<\/div>\n\t\t\t\t\t\t<\/div>\n\t\t\t\t\t<\/div>\n\t\t<\/div>\n\t\t\t\t\t\t\t\t<\/div>\n\t\t\t\t\t<\/div>\n\t\t<\/section>\n\t\t\t\t\t\t<\/div>\n\t\t\t\t\t\t<\/div>\n\t\t\t\t\t<\/div>\n\t\t","protected":false},"excerpt":{"rendered":"<p>Chue Style Kurzus \u00e1ttekint\u00e9se Vil\u00e1gos \u00e9s hiteles bevezet\u00e9st ny\u00fajt a klasszikus feng shui-ba, amelyet a Chue st\u00edlusban tan\u00edtanak, nagy hangs\u00falyt fektetve az energia tudatoss\u00e1g\u00e1ra, a harm\u00f3ni\u00e1ra \u00e9s a gyakorlati alkalmaz\u00e1sra. Az A modul megalapozza annak meg\u00e9rt\u00e9s\u00e9t, hogy a t\u00e9r hogyan befoly\u00e1solja az \u00e9letet, a j\u00f3l\u00e9tet \u00e9s a tisztas\u00e1got. A tanfolyam \u00f6tv\u00f6zi a hagyom\u00e1nyos tud\u00e1st egy &hellip; <\/p>\n","protected":false},"author":1,"featured_media":0,"parent":0,"menu_order":0,"comment_status":"closed","ping_status":"closed","template":"","meta":[],"_links":{"self":[{"href":"https:\/\/asztrologiamester.com\/asztrologiamester\/wp-json\/wp\/v2\/pages\/2197"}],"collection":[{"href":"https:\/\/asztrologiamester.com\/asztrologiamester\/wp-json\/wp\/v2\/pages"}],"about":[{"href":"https:\/\/asztrologiamester.com\/asztrologiamester\/wp-json\/wp\/v2\/types\/page"}],"author":[{"embeddable":true,"href":"https:\/\/asztrologiamester.com\/asztrologiamester\/wp-json\/wp\/v2\/users\/1"}],"replies":[{"embeddable":true,"href":"https:\/\/asztrologiamester.com\/asztrologiamester\/wp-json\/wp\/v2\/comments?post=2197"}],"version-history":[{"count":13,"href":"https:\/\/asztrologiamester.com\/asztrologiamester\/wp-json\/wp\/v2\/pages\/2197\/revisions"}],"predecessor-version":[{"id":2222,"href":"https:\/\/asztrologiamester.com\/asztrologiamester\/wp-json\/wp\/v2\/pages\/2197\/revisions\/2222"}],"wp:attachment":[{"href":"https:\/\/asztrologiamester.com\/asztrologiamester\/wp-json\/wp\/v2\/media?parent=2197"}],"curies":[{"name":"wp","href":"https:\/\/api.w.org\/{rel}","templated":true}]}}