{"id":19,"date":"2016-10-19T09:52:43","date_gmt":"2016-10-19T09:52:43","guid":{"rendered":"http:\/\/asztrologiamester.com\/?page_id=19"},"modified":"2021-01-04T09:45:24","modified_gmt":"2021-01-04T07:45:24","slug":"kapcsolat","status":"publish","type":"page","link":"https:\/\/asztrologiamester.com\/asztrologiamester\/kapcsolat\/","title":{"rendered":"Kapcsolat"},"content":{"rendered":"<p><span style=\"color: #000000;\">Dr. Phil. Neuhauser Krisztina<\/span><span style=\"color: #000000;\"><a href=\"http:\/\/asztrologiamester.com\/wp-content\/uploads\/2016\/10\/scan0036.jpg\"><img loading=\"lazy\" class=\"alignright wp-image-377\" src=\"http:\/\/asztrologiamester.com\/wp-content\/uploads\/2016\/10\/scan0036-221x300.jpg\" alt=\"scan0036\" width=\"166\" height=\"225\" srcset=\"https:\/\/asztrologiamester.com\/asztrologiamester\/wp-content\/uploads\/2016\/10\/scan0036-221x300.jpg 221w, https:\/\/asztrologiamester.com\/asztrologiamester\/wp-content\/uploads\/2016\/10\/scan0036-768x1043.jpg 768w, https:\/\/asztrologiamester.com\/asztrologiamester\/wp-content\/uploads\/2016\/10\/scan0036-754x1024.jpg 754w, https:\/\/asztrologiamester.com\/asztrologiamester\/wp-content\/uploads\/2016\/10\/scan0036.jpg 1176w\" sizes=\"(max-width: 166px) 100vw, 166px\" \/><\/a><\/span><\/p>\n<p>E-mail:<a href=\"mailto:kristina@professionalfengshui.com\" target=\"_blank\" rel=\"noopener\">kristina@professionalfengshui.<wbr \/>com <\/a><a href=\"mailto:krisztinaneuhauser@gmail.com\" target=\"_blank\" rel=\"noopener\">krisztinaneuhauser@gmail.com<\/a><\/p>\n<p>Tel.: +36703296996<\/p>\n<p><span style=\"color: #000000;\">Dr. Phil. Neuhauser Krisztina Feng Shui Mester, a Chue Foundation Feng Shui akkredit\u00e1lt szak\u00e9rt\u0151je <\/span><span style=\"color: #000000;\">\u00e9s energia<br \/>\nspecialist\u00e1ja aj\u00e1nlja figyelm\u00e9be sz\u00e9lesk\u00f6r\u0171 szolg\u00e1ltat\u00e1sait, tan\u00e1csad\u00e1sait \u00e9s szemin\u00e1riumait <\/span><span style=\"color: #000000;\">Magyarorsz\u00e1gon<br \/>\n\u00e9s az\u00a0Egyes\u00fclt Kir\u00e1lys\u00e1gban egyar\u00e1nt.<\/span><\/p>\n<p><span style=\"color: #000000;\"><strong>A saj\u00e1t sikerem t\u00f6rt\u00e9nete<\/strong><\/span><\/p>\n<p><span style=\"color: #000000;\">\u00c9ppen t\u00e1pl\u00e1lkoz\u00e1s szak\u00e9rt\u0151k\u00e9nt dolgoztam n\u00e9h\u00e1ny \u00e9vvel ezel\u0151tt, amikor tal\u00e1lkoztam William Spear Feng Shui cikk\u00e9vel. <\/span><br \/>\n<span style=\"color: #000000;\">Kicsit sem sejtettem, hogy att\u00f3l a perct\u0151l kezdve \u00e9letem dr\u00e1mai v\u00e1ltoz\u00e1sokon fog kereszt\u00fclmenni. <\/span><br \/>\n<span style=\"color: #000000;\">\u00dczleti v\u00e1llalkoz\u00e1som vesztes\u00e9ges volt. Rokoni kapcsolataink alakul\u00e1sa k\u00edv\u00e1nnival\u00f3kat hagyott maga m\u00f6g\u00f6tt. <\/span><br \/>\n<span style=\"color: #000000;\">H\u00e1zass\u00e1gom s\u00falyos kommunik\u00e1ci\u00f3s probl\u00e9m\u00e1kkal volt terhes.<\/span><\/p>\n<p><a href=\"http:\/\/asztrologiamester.com\/wp-content\/uploads\/2016\/10\/P9110327.jpg\"><img loading=\"lazy\" class=\"alignright wp-image-376\" src=\"http:\/\/asztrologiamester.com\/wp-content\/uploads\/2016\/10\/P9110327-248x300.jpg\" width=\"197\" height=\"239\" srcset=\"https:\/\/asztrologiamester.com\/asztrologiamester\/wp-content\/uploads\/2016\/10\/P9110327-248x300.jpg 248w, https:\/\/asztrologiamester.com\/asztrologiamester\/wp-content\/uploads\/2016\/10\/P9110327-768x929.jpg 768w, https:\/\/asztrologiamester.com\/asztrologiamester\/wp-content\/uploads\/2016\/10\/P9110327-847x1024.jpg 847w, https:\/\/asztrologiamester.com\/asztrologiamester\/wp-content\/uploads\/2016\/10\/P9110327.jpg 1228w\" sizes=\"(max-width: 197px) 100vw, 197px\" \/><\/a><\/p>\n<p><span style=\"color: #000000;\">Feng Shui tanulm\u00e1nyaim elkezd\u00e9s\u00e9re k\u00f6lt\u00f6z\u00e9s\u00fcnk is inspir\u00e1lt. Min\u00e9l t\u00f6bb kurzust v\u00e9geztem el, ann\u00e1l ink\u00e1bb v\u00e1ltam<br \/>\nelk\u00f6telezett h\u00edv\u00e9v\u00e9 ennek az \u0151si k\u00ednai filoz\u00f3fi\u00e1nak. A t\u00e9rtiszt\u00edt\u00e1ssal Karen Kingston ismertetett meg. Denise Linn elk\u00f6telezett<br \/>\nszellemis\u00e9g\u00e9vel fogott meg. Chan Kun Wah mester tan\u00edtv\u00e1nyak\u00e9nt lehetett r\u00e9szem abban a nagy megtiszteltet\u00e9sben, hogy az<br \/>\nautentikus Feng Shui ismereteivel megismerkedhettem. Neki k\u00f6sz\u00f6nhetem, hogy a klasszikus Feng Shui-t gyakorolhatom<br \/>\nmesterfokon. Ma m\u00e1r tudom, hogy eme m\u00e9lyben gy\u00f6kerez\u0151 tud\u00e1s n\u00e9lk\u00fcl \u00e9letem akkori harc\u00e1t nem tudtam volna sikeresen megv\u00edvni!<\/span><\/p>\n<p><span style=\"color: #000000;\">Feng Shui &#8211; az \u0151si tan\u00edt\u00e1s c\u00e9lja, hogy olyan k\u00f6rnyezetet hozzunk l\u00e9tre, mely rendeltet\u00e9s\u00e9nek \u00e9s c\u00e9lj\u00e1nak is megfelel\u0151.<br \/>\n<\/span><span style=\"color: #000000;\">Az ilyen k\u00f6rnyezetben \u00e9l\u0151 \u00e9s tev\u00e9kenyked\u0151 emberek sokkal energikusabban \u00e9s kreat\u00edvabbak. Mind t\u00e1rsadalmi, mind<br \/>\np\u00e9nz\u00fcgyi lehet\u0151s\u00e9gekben sikeresebbek. Az \u00e9p\u00fcleteknek sokkal er\u0151sebb a r\u00e1nk kifejtett hat\u00e1sa, mint amekkor\u00e1t mi ki tudunk<br \/>\nfejteni ir\u00e1nyukban. A szakszer\u0171en alkalmazott Feng Shui az \u00e9p\u00fclet &#8216;Chi&#8217; energi\u00e1j\u00e1t \u00fagy alak\u00edtja, hogy az t\u00e1mogassa az ott lak\u00f3kat,<br \/>\nne pedig elsz\u00edvja az energi\u00e1jukat.<\/span><\/p>\n<p><span style=\"color: #000000;\">A k\u00ednai Feng Shui alapelv szerint a &#8216;Chi&#8217; a term\u00e9szet l\u00e9legzete, az univerz\u00e1lis energia, a meghat\u00e1roz\u00f3 l\u00e9telem,<br \/>\nminden \u00e9let alapvet\u0151 forr\u00e1sa.<\/span><\/p>\n<p><span style=\"color: #000000;\">Professzion\u00e1lis k\u00e9pzetts\u00e9gemet az Imperial Feng Shui School of London mestere, Chan Kun Wah \u00e1ltal szerezhettem,<br \/>\n\u00edgy gyakorlatban is tudom alkalmazni az olyan klasszikus Feng Shui technik\u00e1kat, mint BA ZI, Sam Hap m\u00f3dszer,<br \/>\na Lo Pan haszn\u00e1lata valamint a k\u00ednai horoszk\u00f3pk\u00e9sz\u00edt\u00e9s.<\/span><\/p>\n<p><strong><span style=\"color: #000000;\">A professzion\u00e1lis k\u00ednai horoszk\u00f3p\u00a0tan\u00e1csad\u00e1som c\u00e9lja:<\/span><\/strong><\/p>\n<ul>\n<li><span style=\"color: #000000;\">Eg\u00e9szs\u00e9gi \u00e1llapot jav\u00edt\u00e1sa \u00e9s\u00a0\u00e9letenergia optimaliz\u00e1l\u00e1sa<\/span><\/li>\n<li><span style=\"color: #000000;\">Seg\u00edt\u0151k\u00e9sz emberek bevonz\u00e1sa ismerets\u00e9gi k\u00f6r\u00fcnkbe \u00e9s\u00a0csal\u00e1di harm\u00f3nia kialak\u00edt\u00e1sa<\/span><\/li>\n<li><span style=\"color: #000000;\">P\u00e9nz\u00fcgyi \u00e9s t\u00e1rsadalmi lehet\u0151s\u00e9geink jav\u00edt\u00e1sa<\/span><\/li>\n<li><span style=\"color: #000000;\">Karrierc\u00e9ljaink megval\u00f3s\u00edt\u00e1sa<\/span><\/li>\n<\/ul>\n","protected":false},"excerpt":{"rendered":"<p>Dr. Phil. Neuhauser Krisztina E-mail:kristina@professionalfengshui.com krisztinaneuhauser@gmail.com Tel.: +36703296996 Dr. Phil. Neuhauser Krisztina Feng Shui Mester, a Chue Foundation Feng Shui akkredit\u00e1lt szak\u00e9rt\u0151je \u00e9s energia specialist\u00e1ja aj\u00e1nlja figyelm\u00e9be sz\u00e9lesk\u00f6r\u0171 szolg\u00e1ltat\u00e1sait, tan\u00e1csad\u00e1sait \u00e9s szemin\u00e1riumait Magyarorsz\u00e1gon \u00e9s az\u00a0Egyes\u00fclt Kir\u00e1lys\u00e1gban egyar\u00e1nt. A saj\u00e1t sikerem t\u00f6rt\u00e9nete \u00c9ppen t\u00e1pl\u00e1lkoz\u00e1s szak\u00e9rt\u0151k\u00e9nt dolgoztam n\u00e9h\u00e1ny \u00e9vvel ezel\u0151tt, amikor tal\u00e1lkoztam William Spear Feng Shui cikk\u00e9vel. &hellip; <\/p>\n","protected":false},"author":1,"featured_media":0,"parent":0,"menu_order":0,"comment_status":"closed","ping_status":"closed","template":"","meta":[],"_links":{"self":[{"href":"https:\/\/asztrologiamester.com\/asztrologiamester\/wp-json\/wp\/v2\/pages\/19"}],"collection":[{"href":"https:\/\/asztrologiamester.com\/asztrologiamester\/wp-json\/wp\/v2\/pages"}],"about":[{"href":"https:\/\/asztrologiamester.com\/asztrologiamester\/wp-json\/wp\/v2\/types\/page"}],"author":[{"embeddable":true,"href":"https:\/\/asztrologiamester.com\/asztrologiamester\/wp-json\/wp\/v2\/users\/1"}],"replies":[{"embeddable":true,"href":"https:\/\/asztrologiamester.com\/asztrologiamester\/wp-json\/wp\/v2\/comments?post=19"}],"version-history":[{"count":6,"href":"https:\/\/asztrologiamester.com\/asztrologiamester\/wp-json\/wp\/v2\/pages\/19\/revisions"}],"predecessor-version":[{"id":1720,"href":"https:\/\/asztrologiamester.com\/asztrologiamester\/wp-json\/wp\/v2\/pages\/19\/revisions\/1720"}],"wp:attachment":[{"href":"https:\/\/asztrologiamester.com\/asztrologiamester\/wp-json\/wp\/v2\/media?parent=19"}],"curies":[{"name":"wp","href":"https:\/\/api.w.org\/{rel}","templated":true}]}}