{"id":180,"date":"2016-10-24T13:43:36","date_gmt":"2016-10-24T11:43:36","guid":{"rendered":"http:\/\/asztrologiamester.com\/?page_id=180"},"modified":"2016-10-28T11:32:36","modified_gmt":"2016-10-28T09:32:36","slug":"allatovi-jegyek","status":"publish","type":"page","link":"https:\/\/asztrologiamester.com\/asztrologiamester\/allatovi-jegyek\/","title":{"rendered":"\u00c1llat\u00f6vi jegyek"},"content":{"rendered":"<p style=\"text-align: center;\"><strong>Buddha \u00e9s a 12 \u00e1llat legend\u00e1ja<\/strong><\/p>\n<p><a href=\"http:\/\/asztrologiamester.com\/wp-content\/uploads\/2016\/10\/buddha.jpg\"><img loading=\"lazy\" class=\"aligncenter  wp-image-418\" src=\"http:\/\/asztrologiamester.com\/wp-content\/uploads\/2016\/10\/buddha-191x300.jpg\" alt=\"buddha\" width=\"256\" height=\"402\" srcset=\"https:\/\/asztrologiamester.com\/asztrologiamester\/wp-content\/uploads\/2016\/10\/buddha-191x300.jpg 191w, https:\/\/asztrologiamester.com\/asztrologiamester\/wp-content\/uploads\/2016\/10\/buddha-768x1206.jpg 768w, https:\/\/asztrologiamester.com\/asztrologiamester\/wp-content\/uploads\/2016\/10\/buddha-652x1024.jpg 652w, https:\/\/asztrologiamester.com\/asztrologiamester\/wp-content\/uploads\/2016\/10\/buddha.jpg 1019w\" sizes=\"(max-width: 256px) 100vw, 256px\" \/><\/a><\/p>\n<p>T\u00f6bb, mint \u00f6t \u00e9vsz\u00e1zaddal id\u0151sz\u00e1m\u00edt\u00e1sunk el\u0151tt, Buddha mag\u00e1hoz h\u00edvatta a teremt\u00e9s \u00f6sszes \u00e1llatait, \u00e9s mindenhat\u00f3 \u00e9s v\u00e9gtelen j\u00f3s\u00e1g\u00e1hoz m\u00e9rt jutalmat \u00edg\u00e9rt nekik. Az \u00e1llatok azonban eleresztett\u00e9k a f\u00fcl\u00fck mellett az Isteni B\u00f6lcs h\u00edv\u00f3 szav\u00e1t. Tizenk\u00e9t \u00e1llatfaj azonban m\u00e9gis elk\u00fcldte k\u00e9pvisel\u0151j\u00e9t. \u00c9rkez\u00e9si sorrendben <strong>a <span style=\"color: #0000ff;\"><a style=\"color: #0000ff;\" href=\"http:\/\/asztrologiamester.com\/a-patkany\/\">Patk\u00e1ny<\/a><\/span>, a <span style=\"color: #0000ff;\"><a style=\"color: #0000ff;\" href=\"http:\/\/asztrologiamester.com\/a-bivaly\/\">Bivaly<\/a><\/span>, a <span style=\"color: #0000ff;\"><a style=\"color: #0000ff;\" href=\"http:\/\/asztrologiamester.com\/a-tigris\/\">Tigris<\/a><\/span>, a Macska, a <span style=\"color: #0000ff;\"><a style=\"color: #0000ff;\" href=\"http:\/\/asztrologiamester.com\/a-sarkany\/\">S\u00e1rk\u00e1ny<\/a><\/span>, a <span style=\"color: #0000ff;\"><a style=\"color: #0000ff;\" href=\"http:\/\/asztrologiamester.com\/a-kigyo\/\">K\u00edgy\u00f3<\/a><\/span>, a <span style=\"color: #0000ff;\"><a style=\"color: #0000ff;\" href=\"http:\/\/asztrologiamester.com\/a-lo\/\">L\u00f3<\/a><\/span>, a <span style=\"color: #0000ff;\"><a style=\"color: #0000ff;\" href=\"http:\/\/asztrologiamester.com\/a-barany\/\">Kecske<\/a><\/span>, a <span style=\"color: #0000ff;\"><a style=\"color: #0000ff;\" href=\"http:\/\/asztrologiamester.com\/a-majom\/\">Majom<\/a><\/span>, a <span style=\"color: #0000ff;\"><a style=\"color: #0000ff;\" href=\"http:\/\/asztrologiamester.com\/a-kakas\/\">Kakas<\/a><\/span>, a <span style=\"color: #0000ff;\"><a style=\"color: #0000ff;\" href=\"http:\/\/asztrologiamester.com\/a-kutya\/\">Kutya<\/a><\/span> \u00e9s a <span style=\"color: #0000ff;\"><a style=\"color: #0000ff;\" href=\"http:\/\/asztrologiamester.com\/a-diszno\/\">Vaddiszn\u00f3<\/a><\/span><\/strong>. M\u00e1s hagyom\u00e1nyok szerint nem a Macska, hanem a <span style=\"color: #0000ff;\"><a style=\"color: #0000ff;\" href=\"http:\/\/asztrologiamester.com\/a-nyul\/\"><strong>Ny\u00fal<\/strong><\/a><\/span>, s nem a Vaddiszn\u00f3, hanem a H\u00e1zidiszn\u00f3 j\u00f6tt el. H\u00e1l\u00e1b\u00f3l Buddha egy-egy \u00e9vet aj\u00e1nd\u00e9kozott mindegyik\u00fcknek, amely ezent\u00fal az \u00f6v\u00e9 lesz; r\u00f3la nevezik el mag\u00e1n viseli az \u0151 saj\u00e1tos jelz\u0151it, jelk\u00e9peit. \u00cdgy j\u00f6tt l\u00e9tre a tizenk\u00e9t \u00e9ves ciklus, amelyben egym\u00e1st k\u00f6vetik e fantasztikus \u00e1llatkert \u00e1llatai.<\/p>\n<p>&nbsp;<\/p>\n","protected":false},"excerpt":{"rendered":"<p>Buddha \u00e9s a 12 \u00e1llat legend\u00e1ja T\u00f6bb, mint \u00f6t \u00e9vsz\u00e1zaddal id\u0151sz\u00e1m\u00edt\u00e1sunk el\u0151tt, Buddha mag\u00e1hoz h\u00edvatta a teremt\u00e9s \u00f6sszes \u00e1llatait, \u00e9s mindenhat\u00f3 \u00e9s v\u00e9gtelen j\u00f3s\u00e1g\u00e1hoz m\u00e9rt jutalmat \u00edg\u00e9rt nekik. Az \u00e1llatok azonban eleresztett\u00e9k a f\u00fcl\u00fck mellett az Isteni B\u00f6lcs h\u00edv\u00f3 szav\u00e1t. Tizenk\u00e9t \u00e1llatfaj azonban m\u00e9gis elk\u00fcldte k\u00e9pvisel\u0151j\u00e9t. \u00c9rkez\u00e9si sorrendben a Patk\u00e1ny, a Bivaly, a Tigris, a &hellip; <\/p>\n","protected":false},"author":1,"featured_media":0,"parent":0,"menu_order":0,"comment_status":"closed","ping_status":"closed","template":"page-template-full.php","meta":[],"_links":{"self":[{"href":"https:\/\/asztrologiamester.com\/asztrologiamester\/wp-json\/wp\/v2\/pages\/180"}],"collection":[{"href":"https:\/\/asztrologiamester.com\/asztrologiamester\/wp-json\/wp\/v2\/pages"}],"about":[{"href":"https:\/\/asztrologiamester.com\/asztrologiamester\/wp-json\/wp\/v2\/types\/page"}],"author":[{"embeddable":true,"href":"https:\/\/asztrologiamester.com\/asztrologiamester\/wp-json\/wp\/v2\/users\/1"}],"replies":[{"embeddable":true,"href":"https:\/\/asztrologiamester.com\/asztrologiamester\/wp-json\/wp\/v2\/comments?post=180"}],"version-history":[{"count":3,"href":"https:\/\/asztrologiamester.com\/asztrologiamester\/wp-json\/wp\/v2\/pages\/180\/revisions"}],"predecessor-version":[{"id":419,"href":"https:\/\/asztrologiamester.com\/asztrologiamester\/wp-json\/wp\/v2\/pages\/180\/revisions\/419"}],"wp:attachment":[{"href":"https:\/\/asztrologiamester.com\/asztrologiamester\/wp-json\/wp\/v2\/media?parent=180"}],"curies":[{"name":"wp","href":"https:\/\/api.w.org\/{rel}","templated":true}]}}