{"id":15,"date":"2016-10-19T09:52:11","date_gmt":"2016-10-19T09:52:11","guid":{"rendered":"http:\/\/asztrologiamester.com\/?page_id=15"},"modified":"2021-01-29T10:12:21","modified_gmt":"2021-01-29T08:12:21","slug":"bazi-asztrologus-kepzo","status":"publish","type":"page","link":"https:\/\/asztrologiamester.com\/asztrologiamester\/bazi-asztrologus-kepzo\/","title":{"rendered":"BAZI Asztrol\u00f3gus k\u00e9pz\u0151"},"content":{"rendered":"<h2 style=\"text-align: center;\"><span style=\"color: #8c0101;\"><strong>Imperial K\u00ednai Asztrol\u00f3gus K\u00e9pz\u00e9s<br \/>\nAutentikus K\u00ednai Horoszk\u00f3p Mester \u00e1ltal Online \u00e9s Webinar form\u00e1ban<\/strong><\/span><\/h2>\n<p><a href=\"http:\/\/asztrologiamester.com\/wp-content\/uploads\/2017\/01\/horoscope-10.gif\"><img loading=\"lazy\" class=\"aligncenter size-medium wp-image-632\" src=\"http:\/\/asztrologiamester.com\/wp-content\/uploads\/2017\/01\/horoscope-10-300x300.gif\" alt=\"horoscope-10\" width=\"300\" height=\"300\" srcset=\"https:\/\/asztrologiamester.com\/asztrologiamester\/wp-content\/uploads\/2017\/01\/horoscope-10-300x300.gif 300w, https:\/\/asztrologiamester.com\/asztrologiamester\/wp-content\/uploads\/2017\/01\/horoscope-10-150x150.gif 150w\" sizes=\"(max-width: 300px) 100vw, 300px\" \/><\/a><\/p>\n<p><strong><span style=\"color: #000000;\">Az Imperial K\u00ednai Asztrol\u00f3gus k\u00e9pz\u00e9s t\u00f6bb kurzusb\u00f3l \u00e1ll \u00f6ssze.\u00a0<\/span><\/strong><\/p>\n<h3><span style=\"color: #0000ff;\"><span style=\"color: #8c0101;\"><strong>1.<a style=\"color: #8c0101;\" href=\"http:\/\/asztrologiamester.com\/kinai-asztrologiai-tanfolyamok\/kezdo-kinai-asztrologia-kurzus\/\">Kezd\u0151 K\u00ednai Asztrol\u00f3gia Kurzus<\/a><\/strong><\/span><br \/>\n<\/span><\/h3>\n<p><strong><span style=\"color: #000000;\">Tematik\u00e1ja:\u00a0<\/span><\/strong><\/p>\n<ol>\n<li><strong><span style=\"color: #000000;\">Mit mondtak a kliensek a Krisztina Mesterrel val\u00f3 konzult\u00e1ci\u00f3r\u00f3l?<\/span><\/strong><\/li>\n<li><strong><span style=\"color: #000000;\">F\u00f6ldi \u00e9s Mennyei \u00e1gak<\/span><\/strong><\/li>\n<li><strong><span style=\"color: #000000;\">Rejtett F\u00f6ldi \u00e1gak<\/span><\/strong><\/li>\n<li><strong><span style=\"color: #000000;\">Rejtett Mennyei \u00e1gak<\/span><\/strong><\/li>\n<li><strong><span style=\"color: #000000;\">Rejtett F\u00f6ldi \u00e9s Mennyei \u00e1gak kombin\u00e1ci\u00f3ja<\/span><\/strong><\/li>\n<li><strong><span style=\"color: #000000;\">Huszonn\u00e9gy Chi<\/span><\/strong><\/li>\n<li><strong><span style=\"color: #000000;\">Hogyan vizsg\u00e1ljunk meg egy horoszk\u00f3pot?<\/span><\/strong><\/li>\n<li><strong><span style=\"color: #000000;\">Sap San kreat\u00edv ciklus<\/span><\/strong><\/li>\n<li><strong><span style=\"color: #000000;\">Sap San ciklusok<\/span><\/strong><\/li>\n<\/ol>\n<p><strong><span style=\"color: #000000;\">A r\u00e9szletes tematik\u00e1t az al\u00e1bbi linken lehet elolvasni:<\/span>\u00a0<span style=\"color: #0000ff;\"><a style=\"color: #0000ff;\" href=\"http:\/\/asztrologiamester.com\/bazi-asztrologus-kepzo\/kezdo-kinai-asztrologia-kurzus\/\">http:\/\/asztrologiamester.com\/bazi-asztrologus-kepzo\/kezdo-kinai-asztrologia-kurzus\/<\/a><\/span><\/strong><\/p>\n<h3><span style=\"color: #8c0101;\"><strong>2.\u00a0<a style=\"color: #8c0101;\" href=\"http:\/\/asztrologiamester.com\/kinai-asztrologiai-tanfolyamok\/kozephalado-kinai-asztrologia-kurzus\/\">K\u00f6z\u00e9phalad\u00f3\u00a0K\u00ednai Asztrol\u00f3gia Kurzus<\/a><\/strong><\/span><\/h3>\n<p><strong><span style=\"color: #000000;\">Tematik\u00e1ja:\u00a0<\/span><\/strong><\/p>\n<ol>\n<li><strong><span style=\"color: #000000;\">Sap San kreat\u00edv ciklus<\/span><\/strong><\/li>\n<li><strong><span style=\"color: #000000;\">Sap San ciklusok<\/span><\/strong><\/li>\n<li><strong><span style=\"color: #000000;\">Mennyei\u00a0T\u00f6rzsek\u00a0Sap San ciklusai<\/span><\/strong><\/li>\n<li><strong><span style=\"color: #000000;\">F\u00f6ldi \u00c1gak Sap San ciklusai<\/span><\/strong><\/li>\n<li><strong><span style=\"color: #000000;\">Speci\u00e1lis form\u00e1k<\/span><\/strong>\n<ul>\n<li><strong><span style=\"color: #000000;\">K\u00f6vesd az ir\u00e1nyt<\/span><\/strong><\/li>\n<li><strong><span style=\"color: #000000;\">K\u00f6vesd a gyenge vezet\u0151t<\/span><\/strong><\/li>\n<li><strong><span style=\"color: #000000;\">Chi\u00a0transzform\u00e1ci\u00f3<\/span><\/strong><\/li>\n<li><strong><span style=\"color: #000000;\">\u00a0K\u00f6vesd az er\u0151s vezet\u0151t<\/span><\/strong><\/li>\n<\/ul>\n<\/li>\n<li><strong><span style=\"color: #000000;\">Az \u00c9leth\u00e1z\u00a0jelent\u00e9se \u00e9s \u00e9ves el\u0151rejelz\u00e9s az \u00c9leth\u00e1z szerint<\/span><\/strong><\/li>\n<\/ol>\n<p><strong><span style=\"color: #000000;\">A r\u00e9szletes tematik\u00e1t az al\u00e1bbi linken lehet elolvasni:<\/span>\u00a0<span style=\"color: #0000ff;\"><a style=\"color: #0000ff;\" href=\"http:\/\/asztrologiamester.com\/bazi-asztrologus-kepzo\/kozephalado-kinai-asztrologia-kurzus\/\">http:\/\/asztrologiamester.com\/bazi-asztrologus-kepzo\/kozephalado-kinai-asztrologia-kurzus\/<\/a><\/span><\/strong><\/p>\n<h3><span style=\"color: #8c0101;\"><strong>3.\u00a0<a style=\"color: #8c0101;\" href=\"http:\/\/asztrologiamester.com\/kinai-asztrologiai-tanfolyamok\/halado-kinai-asztrologia-kurzus-i\/\">Halad\u00f3\u00a0K\u00ednai Asztrol\u00f3gia Kurzus I.<\/a><\/strong><\/span><\/h3>\n<p><strong><span style=\"color: #000000;\">Tematik\u00e1ja:\u00a0<\/span><\/strong><\/p>\n<ol>\n<li><strong><span style=\"color: #000000;\">Vesz\u00e9lyes, Nemes,\u00a0Al\u00e1zatos \u00e9s szeg\u00e9ny, gazdag\u00a0horoszk\u00f3pok<\/span><\/strong><\/li>\n<li><strong><span style=\"color: #000000;\">Vesz\u00e9lyes,\u00a0Gazdag, Vesz\u00e9lyes \u00e9s szeg\u00e9ny\u00a0horoszk\u00f3pok<\/span><\/strong><\/li>\n<li><strong><span style=\"color: #000000;\">Fiatalon elhal\u00e1loz\u00f3\u00a0horoszk\u00f3pok, Al\u00e1zatos \u00e9s szeg\u00e9ny, szeg\u00e9ny, Nemes \u00e9s gazdag horoszk\u00f3pok<\/span><\/strong><\/li>\n<li><strong><span style=\"color: #000000;\">Gazdag, szeg\u00e9ny \u00e9s al\u00e1zatos, Nemes \u00e9s gazdag, fiatalon elhal\u00e1loz\u00f3 horoszk\u00f3pok<\/span><\/strong><\/li>\n<\/ol>\n<p><strong><span style=\"color: #000000;\">A r\u00e9szletes tematik\u00e1t az al\u00e1bbi linken lehet elolvasni:<\/span>\u00a0<a href=\"http:\/\/asztrologiamester.com\/bazi-asztrologus-kepzo\/halado-kinai-asztrologia-kurzus-i\/\"><span style=\"color: #0000ff;\">http:\/\/asztrologiamester.com\/bazi-asztrologus-kepzo\/halado-kinai-asztrologia-kurzus-i\/<\/span><\/a><\/strong><\/p>\n<h3><span style=\"color: #8c0101;\"><strong>4.\u00a0<a style=\"color: #8c0101;\" href=\"http:\/\/asztrologiamester.com\/kinai-asztrologiai-tanfolyamok\/halado-kinai-asztrologia-kurzus-ii\/\">Halad\u00f3\u00a0K\u00ednai Asztrol\u00f3gia Kurzus II.<\/a><\/strong><\/span><\/h3>\n<p><strong><span style=\"color: #000000;\">Tematik\u00e1ja:\u00a0<\/span><\/strong><\/p>\n<ol>\n<li><strong><span style=\"color: #000000;\">Yute Jeung \u2013 Csillagk\u00e9p \u00e9s konstell\u00e1ci\u00f3<\/span><\/strong><\/li>\n<li><strong><span style=\"color: #000000;\">Sap San 10 ciklusa<\/span><\/strong><\/li>\n<li><strong><span style=\"color: #000000;\">Sap San 10 ciklus\u00e1nak\u00a0kapcsolata az \u00d6t elem Kreat\u00edv Ciklus\u00e1val<\/span><\/strong><\/li>\n<\/ol>\n<p><strong><span style=\"color: #000000;\">A r\u00e9szletes tematik\u00e1t az al\u00e1bbi linken lehet elolvasni<\/span>:\u00a0<span style=\"color: #0000ff;\"><a style=\"color: #0000ff;\" href=\"http:\/\/asztrologiamester.com\/bazi-asztrologus-kepzo\/halado-kinai-asztrologia-kurzus-ii\/\">http:\/\/asztrologiamester.com\/bazi-asztrologus-kepzo\/halado-kinai-asztrologia-kurzus-ii\/<\/a><\/span><\/strong><\/p>\n<p><strong><span style=\"color: #000000;\">Az oktat\u00e1s t\u00f6rt\u00e9nhet kis csoportban \u00e9s\/vagy egy\u00e9ni form\u00e1ban is.<\/span><\/strong><\/p>\n<ul>\n<li><strong><span style=\"color: #000000;\">4 alkalmas Webinar\u00a0<\/span><\/strong><\/li>\n<li><strong><span style=\"color: #000000;\">4 alkalmas szem\u00e9lyes online szemin\u00e1rium<\/span><\/strong><\/li>\n<\/ul>\n<p><strong><span style=\"color: #000000;\">A tand\u00edj egy\u00e9nileg lesz meg\u00e1llap\u00edtva.<\/span><\/strong><br \/>\n<strong> <span style=\"color: #000000;\"> A tand\u00edj egy\u00e9ni meg\u00e1llap\u00edt\u00e1sa miatt ker\u00fclj\u00f6n kapcsolatba az al\u00e1bbi emailc\u00edmen Dr. Neuhauser Krisztina Autentikus K\u00ednai Horoszk\u00f3p Mesterrel.\u00a0<\/span><span style=\"color: #0000ff;\"><a style=\"color: #0000ff;\" href=\"mailto:kristina@professionalfengshui.com\">kristina@professionalfengshui.com<\/a><\/span><\/strong><\/p>\n<p><strong><span style=\"color: #000000;\">A k\u00e9pz\u00e9s befejez\u00e9s\u00e9vel a tan\u00edtv\u00e1ny okelevelet kap: Imperial BA ZI Asztrol\u00f3gus<\/span><\/strong><\/p>\n","protected":false},"excerpt":{"rendered":"<p>Imperial K\u00ednai Asztrol\u00f3gus K\u00e9pz\u00e9s Autentikus K\u00ednai Horoszk\u00f3p Mester \u00e1ltal Online \u00e9s Webinar form\u00e1ban Az Imperial K\u00ednai Asztrol\u00f3gus k\u00e9pz\u00e9s t\u00f6bb kurzusb\u00f3l \u00e1ll \u00f6ssze.\u00a0 1.Kezd\u0151 K\u00ednai Asztrol\u00f3gia Kurzus Tematik\u00e1ja:\u00a0 Mit mondtak a kliensek a Krisztina Mesterrel val\u00f3 konzult\u00e1ci\u00f3r\u00f3l? F\u00f6ldi \u00e9s Mennyei \u00e1gak Rejtett F\u00f6ldi \u00e1gak Rejtett Mennyei \u00e1gak Rejtett F\u00f6ldi \u00e9s Mennyei \u00e1gak kombin\u00e1ci\u00f3ja Huszonn\u00e9gy Chi Hogyan &hellip; <\/p>\n","protected":false},"author":1,"featured_media":0,"parent":0,"menu_order":0,"comment_status":"closed","ping_status":"closed","template":"","meta":[],"_links":{"self":[{"href":"https:\/\/asztrologiamester.com\/asztrologiamester\/wp-json\/wp\/v2\/pages\/15"}],"collection":[{"href":"https:\/\/asztrologiamester.com\/asztrologiamester\/wp-json\/wp\/v2\/pages"}],"about":[{"href":"https:\/\/asztrologiamester.com\/asztrologiamester\/wp-json\/wp\/v2\/types\/page"}],"author":[{"embeddable":true,"href":"https:\/\/asztrologiamester.com\/asztrologiamester\/wp-json\/wp\/v2\/users\/1"}],"replies":[{"embeddable":true,"href":"https:\/\/asztrologiamester.com\/asztrologiamester\/wp-json\/wp\/v2\/comments?post=15"}],"version-history":[{"count":14,"href":"https:\/\/asztrologiamester.com\/asztrologiamester\/wp-json\/wp\/v2\/pages\/15\/revisions"}],"predecessor-version":[{"id":1791,"href":"https:\/\/asztrologiamester.com\/asztrologiamester\/wp-json\/wp\/v2\/pages\/15\/revisions\/1791"}],"wp:attachment":[{"href":"https:\/\/asztrologiamester.com\/asztrologiamester\/wp-json\/wp\/v2\/media?parent=15"}],"curies":[{"name":"wp","href":"https:\/\/api.w.org\/{rel}","templated":true}]}}