{"id":118,"date":"2016-10-21T11:14:09","date_gmt":"2016-10-21T09:14:09","guid":{"rendered":"http:\/\/asztrologiamester.com\/?page_id=118"},"modified":"2016-10-28T11:20:38","modified_gmt":"2016-10-28T09:20:38","slug":"tertisztitas","status":"publish","type":"page","link":"https:\/\/asztrologiamester.com\/asztrologiamester\/tertisztitas\/","title":{"rendered":"T\u00e9rtiszt\u00edt\u00e1s"},"content":{"rendered":"<p><span style=\"color: #000000;\"><strong>Professzion\u00e1lis t\u00e9rtiszt\u00edt\u00e1s<\/strong><\/span><\/p>\n<p><span style=\"color: #000000;\"><strong>Mi\u00e9rt sz\u00fcks\u00e9ges a t\u00e9rtiszt\u00edt\u00e1s?<\/strong><\/span><\/p>\n<ul>\n<li><span style=\"color: #000000;\">N\u00f6velj\u00fck \u00e1ltala a vitalit\u00e1st<\/span><\/li>\n<li><span style=\"color: #000000;\">Megv\u00e1ltoztatjuk a nyomott l\u00e9gk\u00f6rt<\/span><\/li>\n<li><span style=\"color: #000000;\">El\u0151seg\u00edtj\u00fck \u00e9letc\u00e9ljaink megval\u00f3sul\u00e1s\u00e1t<\/span><\/li>\n<li><span style=\"color: #000000;\">Megtiszt\u00edtjuk a teret az el\u0151z\u0151 lak\u00f3 energi\u00e1j\u00e1t\u00f3l<\/span><\/li>\n<li><span style=\"color: #000000;\">V\u00e9dj\u00fck \u00e9s megszentelj\u00fck otthonunkat<\/span><\/li>\n<li><span style=\"color: #000000;\">Gy\u00f3gy\u00edt\u00f3 energi\u00e1val t\u00f6ltj\u00fck meg otthonunkat<\/span><\/li>\n<li><span style=\"color: #000000;\">Seg\u00edt munkahely v\u00e1ltoztat\u00e1sban<\/span><\/li>\n<li><span style=\"color: #000000;\">N\u00f6veli az \u00fczleti hasznot<\/span><\/li>\n<li><span style=\"color: #000000;\">Jav\u00edtja szexu\u00e1lis \u00e9let\u00fcnket \u00a0<\/span><\/li>\n<\/ul>\n<p><span style=\"color: #000000;\"><strong>A megfelel\u0151 id\u0151pont meghat\u00e1roz\u00e1sa:<\/strong><\/span><\/p>\n<ul>\n<li><span style=\"color: #000000;\">Amikor fizikailag, eg\u00e9szs\u00e9gileg \u00e9s \u00e9rzelmileg is r\u00e1hangoltak vagyunk<\/span><\/li>\n<li><span style=\"color: #000000;\">Amikor figyelm\u00fcnket m\u00e1s nem vonhatja el<\/span><\/li>\n<li><span style=\"color: #000000;\">A lim-lom eltakar\u00edt\u00e1sa ut\u00e1n<\/span><\/li>\n<li><span style=\"color: #000000;\">Telihold \u00e9s \u00fajhold k\u00f6z\u00f6tti id\u0151ben<\/span><\/li>\n<li><span style=\"color: #000000;\">\u00daj lak\u00e1sba, irod\u00e1ba k\u00f6lt\u00f6z\u00e9skor<\/span><\/li>\n<li><span style=\"color: #000000;\">\u00daj \u00e9vszak kezdetekor<\/span><\/li>\n<li><span style=\"color: #000000;\">Hossz\u00fa betegs\u00e9g vagy hal\u00e1leset ut\u00e1n<\/span><\/li>\n<li><span style=\"color: #000000;\">B\u00e1rmikor, amikor sz\u00fcks\u00e9gesnek \u00e9rezz\u00fck! \u00a0 <\/span><\/li>\n<\/ul>\n<p><span style=\"color: #000000;\"><strong>A professzion\u00e1lis t\u00e9rtiszt\u00edt\u00e1s el\u0151nyei:<\/strong><\/span><\/p>\n<p><span style=\"color: #000000;\">A t\u00e9rtiszt\u00edt\u00e1s eredm\u00e9nyek\u00e9nt a szob\u00e1kat t\u00e1gasabbnak \u00e9rezz\u00fck majd, a leveg\u0151t tiszt\u00e1bbnak, a sz\u00edneket pedig ragyog\u00f3bbnak.<\/span><\/p>\n<p><span style=\"color: #000000;\">A lim-lom eltakar\u00edt\u00e1sa \u00faj energi\u00e1kat hoz \u00e9let\u00fcnkbe. Amikor \u00fcgyfeleim azonnali v\u00e1ltoz\u00e1st szeretn\u00e9nek \u00e9let\u00fckben, mindig a t\u00e9rtiszt\u00edt\u00e1st \u00e9s a lomtalan\u00edt\u00e1st tan\u00e1csolom nekik.<\/span><\/p>\n<p><span style=\"color: #000000;\">Ez a leggyorsabb m\u00f3dja annak, hogy \u00faj \u00e1ll\u00e1shoz jussunk, \u00faj lak\u00e1sba k\u00f6lt\u00f6zhess\u00fcnk vagy \u00faj kapcsolatot alak\u00edtsunk ki.<\/span><\/p>\n<p><span style=\"color: #000000;\">A nem megfelel\u0151 helyen t\u00e1rolt lim-lom lelass\u00edtja \u00e9let\u00fcnk folyamatait<\/span><\/p>\n<p><span style=\"color: #000000;\">A szakszer\u0171 t\u00e9rtiszt\u00edt\u00e1s megmutatja, hogy otthon\u00e1ban hol vannak a lom-felhalmoz\u00e1s tipikus helyei.<\/span><br \/>\n<span style=\"color: #000000;\"><strong>T\u00e9rtiszt\u00edt\u00e1si konzult\u00e1ci\u00f3k<\/strong><\/span><\/p>\n<ul>\n<li><span style=\"color: #000000;\">\u00dczleti t\u00e9rtiszt\u00edt\u00e1s<\/span><\/li>\n<li><span style=\"color: #000000;\">T\u00e9rtiszt\u00edt\u00e1s mag\u00e1nszem\u00e9lyeknek<\/span><\/li>\n<\/ul>\n","protected":false},"excerpt":{"rendered":"<p>Professzion\u00e1lis t\u00e9rtiszt\u00edt\u00e1s Mi\u00e9rt sz\u00fcks\u00e9ges a t\u00e9rtiszt\u00edt\u00e1s? N\u00f6velj\u00fck \u00e1ltala a vitalit\u00e1st Megv\u00e1ltoztatjuk a nyomott l\u00e9gk\u00f6rt El\u0151seg\u00edtj\u00fck \u00e9letc\u00e9ljaink megval\u00f3sul\u00e1s\u00e1t Megtiszt\u00edtjuk a teret az el\u0151z\u0151 lak\u00f3 energi\u00e1j\u00e1t\u00f3l V\u00e9dj\u00fck \u00e9s megszentelj\u00fck otthonunkat Gy\u00f3gy\u00edt\u00f3 energi\u00e1val t\u00f6ltj\u00fck meg otthonunkat Seg\u00edt munkahely v\u00e1ltoztat\u00e1sban N\u00f6veli az \u00fczleti hasznot Jav\u00edtja szexu\u00e1lis \u00e9let\u00fcnket \u00a0 A megfelel\u0151 id\u0151pont meghat\u00e1roz\u00e1sa: Amikor fizikailag, eg\u00e9szs\u00e9gileg \u00e9s \u00e9rzelmileg is r\u00e1hangoltak &hellip; <\/p>\n","protected":false},"author":1,"featured_media":0,"parent":0,"menu_order":0,"comment_status":"closed","ping_status":"closed","template":"page-template-full.php","meta":[],"_links":{"self":[{"href":"https:\/\/asztrologiamester.com\/asztrologiamester\/wp-json\/wp\/v2\/pages\/118"}],"collection":[{"href":"https:\/\/asztrologiamester.com\/asztrologiamester\/wp-json\/wp\/v2\/pages"}],"about":[{"href":"https:\/\/asztrologiamester.com\/asztrologiamester\/wp-json\/wp\/v2\/types\/page"}],"author":[{"embeddable":true,"href":"https:\/\/asztrologiamester.com\/asztrologiamester\/wp-json\/wp\/v2\/users\/1"}],"replies":[{"embeddable":true,"href":"https:\/\/asztrologiamester.com\/asztrologiamester\/wp-json\/wp\/v2\/comments?post=118"}],"version-history":[{"count":3,"href":"https:\/\/asztrologiamester.com\/asztrologiamester\/wp-json\/wp\/v2\/pages\/118\/revisions"}],"predecessor-version":[{"id":414,"href":"https:\/\/asztrologiamester.com\/asztrologiamester\/wp-json\/wp\/v2\/pages\/118\/revisions\/414"}],"wp:attachment":[{"href":"https:\/\/asztrologiamester.com\/asztrologiamester\/wp-json\/wp\/v2\/media?parent=118"}],"curies":[{"name":"wp","href":"https:\/\/api.w.org\/{rel}","templated":true}]}}