{"id":11,"date":"2016-10-19T09:51:31","date_gmt":"2016-10-19T09:51:31","guid":{"rendered":"http:\/\/asztrologiamester.com\/?page_id=11"},"modified":"2026-01-14T21:49:05","modified_gmt":"2026-01-14T19:49:05","slug":"kinai-asztrologiai-tanfolyamok","status":"publish","type":"page","link":"https:\/\/asztrologiamester.com\/asztrologiamester\/kinai-asztrologiai-tanfolyamok\/","title":{"rendered":"K\u00ednai asztrol\u00f3giai tanfolyamok"},"content":{"rendered":"\t\t<div data-elementor-type=\"wp-page\" data-elementor-id=\"11\" class=\"elementor elementor-11\" data-elementor-settings=\"[]\">\n\t\t\t\t\t\t<div class=\"elementor-inner\">\n\t\t\t\t\t\t\t<div class=\"elementor-section-wrap\">\n\t\t\t\t\t\t\t<section class=\"elementor-section elementor-top-section elementor-element elementor-element-1ad6cf7 elementor-section-boxed elementor-section-height-default elementor-section-height-default\" data-id=\"1ad6cf7\" data-element_type=\"section\">\n\t\t\t\t\t\t<div class=\"elementor-container elementor-column-gap-default\">\n\t\t\t\t\t\t\t<div class=\"elementor-row\">\n\t\t\t\t\t<div class=\"elementor-column elementor-col-33 elementor-top-column elementor-element elementor-element-4ff1dda\" data-id=\"4ff1dda\" data-element_type=\"column\">\n\t\t\t<div class=\"elementor-column-wrap elementor-element-populated\">\n\t\t\t\t\t\t\t<div class=\"elementor-widget-wrap\">\n\t\t\t\t\t\t<div class=\"elementor-element elementor-element-f9e9a1c elementor-widget elementor-widget-heading\" data-id=\"f9e9a1c\" data-element_type=\"widget\" data-widget_type=\"heading.default\">\n\t\t\t\t<div class=\"elementor-widget-container\">\n\t\t\t<h3 class=\"elementor-heading-title elementor-size-default\">Feng Shui Foundation (A modul)<\/h3>\t\t<\/div>\n\t\t\t\t<\/div>\n\t\t\t\t<div class=\"elementor-element elementor-element-5e81fc0 elementor-widget elementor-widget-image\" data-id=\"5e81fc0\" data-element_type=\"widget\" data-widget_type=\"image.default\">\n\t\t\t\t<div class=\"elementor-widget-container\">\n\t\t\t\t\t<div class=\"elementor-image\">\n\t\t\t\t\t\t\t\t\t\t<img width=\"925\" height=\"925\" src=\"https:\/\/asztrologiamester.com\/asztrologiamester\/wp-content\/uploads\/2026\/01\/feng-shui-module-a-1-1024x1024.jpg\" class=\"attachment-large size-large\" alt=\"\" loading=\"lazy\" srcset=\"https:\/\/asztrologiamester.com\/asztrologiamester\/wp-content\/uploads\/2026\/01\/feng-shui-module-a-1.jpg 1024w, https:\/\/asztrologiamester.com\/asztrologiamester\/wp-content\/uploads\/2026\/01\/feng-shui-module-a-1-300x300.jpg 300w, https:\/\/asztrologiamester.com\/asztrologiamester\/wp-content\/uploads\/2026\/01\/feng-shui-module-a-1-150x150.jpg 150w, https:\/\/asztrologiamester.com\/asztrologiamester\/wp-content\/uploads\/2026\/01\/feng-shui-module-a-1-768x768.jpg 768w, https:\/\/asztrologiamester.com\/asztrologiamester\/wp-content\/uploads\/2026\/01\/feng-shui-module-a-1-60x60.jpg 60w\" sizes=\"(max-width: 925px) 100vw, 925px\" \/>\t\t\t\t\t\t\t\t\t\t\t<\/div>\n\t\t\t\t<\/div>\n\t\t\t\t<\/div>\n\t\t\t\t<div class=\"elementor-element elementor-element-d327ef4 elementor-widget elementor-widget-text-editor\" data-id=\"d327ef4\" data-element_type=\"widget\" data-widget_type=\"text-editor.default\">\n\t\t\t\t<div class=\"elementor-widget-container\">\n\t\t\t\t\t<div class=\"elementor-text-editor elementor-clearfix\"><h5 style=\"text-align: center;\">A k\u00f6vetkez\u0151ket saj\u00e1t\u00edthatod el a kurzuson:<\/h5><p>Vil\u00e1gos \u00e9s hiteles bevezet\u00e9st ny\u00fajt a klasszikus feng shui-ba, amelyet a Chue st\u00edlusban tan\u00edtunk. Nagy hangs\u00falyt fektetve az energia tudatoss\u00e1g\u00e1ra, a harm\u00f3ni\u00e1ra \u00e9s annak a gyakorlati alkalmaz\u00e1sra.<\/p><\/div>\n\t\t\t\t<\/div>\n\t\t\t\t<\/div>\n\t\t\t\t<div class=\"elementor-element elementor-element-9fd98f0 elementor-align-center elementor-widget elementor-widget-button\" data-id=\"9fd98f0\" data-element_type=\"widget\" data-widget_type=\"button.default\">\n\t\t\t\t<div class=\"elementor-widget-container\">\n\t\t\t\t\t<div class=\"elementor-button-wrapper\">\n\t\t\t<a href=\"https:\/\/asztrologiamester.com\/asztrologiamester\/feng-shui-foundation-kurzus-a-modul\/\" class=\"elementor-button-link elementor-button elementor-size-sm\" role=\"button\">\n\t\t\t\t\t\t<span class=\"elementor-button-content-wrapper\">\n\t\t\t\t\t\t<span class=\"elementor-button-text\">Tov\u00e1bbi r\u00e9szletek<\/span>\n\t\t<\/span>\n\t\t\t\t\t<\/a>\n\t\t<\/div>\n\t\t\t\t<\/div>\n\t\t\t\t<\/div>\n\t\t\t\t\t\t<\/div>\n\t\t\t\t\t<\/div>\n\t\t<\/div>\n\t\t\t\t<div class=\"elementor-column elementor-col-33 elementor-top-column elementor-element elementor-element-5f75c81\" data-id=\"5f75c81\" data-element_type=\"column\">\n\t\t\t<div class=\"elementor-column-wrap elementor-element-populated\">\n\t\t\t\t\t\t\t<div class=\"elementor-widget-wrap\">\n\t\t\t\t\t\t<div class=\"elementor-element elementor-element-70207bb elementor-widget elementor-widget-heading\" data-id=\"70207bb\" data-element_type=\"widget\" data-widget_type=\"heading.default\">\n\t\t\t\t<div class=\"elementor-widget-container\">\n\t\t\t<h3 class=\"elementor-heading-title elementor-size-default\">Feng Shui Foundation (B modul)<\/h3>\t\t<\/div>\n\t\t\t\t<\/div>\n\t\t\t\t<div class=\"elementor-element elementor-element-2264d36 elementor-widget elementor-widget-image\" data-id=\"2264d36\" data-element_type=\"widget\" data-widget_type=\"image.default\">\n\t\t\t\t<div class=\"elementor-widget-container\">\n\t\t\t\t\t<div class=\"elementor-image\">\n\t\t\t\t\t\t\t\t\t\t<img width=\"925\" height=\"925\" src=\"https:\/\/asztrologiamester.com\/asztrologiamester\/wp-content\/uploads\/2026\/01\/feng-shui-module-b-1-1024x1024.jpg\" class=\"attachment-large size-large\" alt=\"\" loading=\"lazy\" srcset=\"https:\/\/asztrologiamester.com\/asztrologiamester\/wp-content\/uploads\/2026\/01\/feng-shui-module-b-1.jpg 1024w, https:\/\/asztrologiamester.com\/asztrologiamester\/wp-content\/uploads\/2026\/01\/feng-shui-module-b-1-300x300.jpg 300w, https:\/\/asztrologiamester.com\/asztrologiamester\/wp-content\/uploads\/2026\/01\/feng-shui-module-b-1-150x150.jpg 150w, https:\/\/asztrologiamester.com\/asztrologiamester\/wp-content\/uploads\/2026\/01\/feng-shui-module-b-1-768x768.jpg 768w, https:\/\/asztrologiamester.com\/asztrologiamester\/wp-content\/uploads\/2026\/01\/feng-shui-module-b-1-60x60.jpg 60w\" sizes=\"(max-width: 925px) 100vw, 925px\" \/>\t\t\t\t\t\t\t\t\t\t\t<\/div>\n\t\t\t\t<\/div>\n\t\t\t\t<\/div>\n\t\t\t\t<div class=\"elementor-element elementor-element-21a7d4e elementor-widget elementor-widget-text-editor\" data-id=\"21a7d4e\" data-element_type=\"widget\" data-widget_type=\"text-editor.default\">\n\t\t\t\t<div class=\"elementor-widget-container\">\n\t\t\t\t\t<div class=\"elementor-text-editor elementor-clearfix\"><h5 style=\"text-align: center;\">A\u00a0 kurzus sor\u00e1nelsaj\u00e1t\u00edthat\u00f3k a k\u00f6vetkez\u0151k:<\/h5><p>A &#8220;B&#8221; modul elm\u00e9ly\u00edti az A modulban megalapozott ismereteket, \u00e9s a lak\u00f3- \u00e9s munkaterek gyakorlati olvas\u00e1s\u00e1ra \u00e9s finomhangol\u00e1s\u00e1ra \u00f6sszpontos\u00edt.<\/p><\/div>\n\t\t\t\t<\/div>\n\t\t\t\t<\/div>\n\t\t\t\t<div class=\"elementor-element elementor-element-19a3803 elementor-align-center elementor-widget elementor-widget-button\" data-id=\"19a3803\" data-element_type=\"widget\" data-widget_type=\"button.default\">\n\t\t\t\t<div class=\"elementor-widget-container\">\n\t\t\t\t\t<div class=\"elementor-button-wrapper\">\n\t\t\t<a href=\"https:\/\/asztrologiamester.com\/asztrologiamester\/feng-shui-foundation-kurzus-b-modul\/\" class=\"elementor-button-link elementor-button elementor-size-sm\" role=\"button\">\n\t\t\t\t\t\t<span class=\"elementor-button-content-wrapper\">\n\t\t\t\t\t\t<span class=\"elementor-button-text\">Tov\u00e1bbi r\u00e9szletek<\/span>\n\t\t<\/span>\n\t\t\t\t\t<\/a>\n\t\t<\/div>\n\t\t\t\t<\/div>\n\t\t\t\t<\/div>\n\t\t\t\t\t\t<\/div>\n\t\t\t\t\t<\/div>\n\t\t<\/div>\n\t\t\t\t<div class=\"elementor-column elementor-col-33 elementor-top-column elementor-element elementor-element-7fe114d\" data-id=\"7fe114d\" data-element_type=\"column\">\n\t\t\t<div class=\"elementor-column-wrap elementor-element-populated\">\n\t\t\t\t\t\t\t<div class=\"elementor-widget-wrap\">\n\t\t\t\t\t\t<div class=\"elementor-element elementor-element-971fe43 elementor-widget elementor-widget-heading\" data-id=\"971fe43\" data-element_type=\"widget\" data-widget_type=\"heading.default\">\n\t\t\t\t<div class=\"elementor-widget-container\">\n\t\t\t<h3 class=\"elementor-heading-title elementor-size-default\">Chue Style Qio Gong kurzus<\/h3>\t\t<\/div>\n\t\t\t\t<\/div>\n\t\t\t\t<div class=\"elementor-element elementor-element-b19dd48 elementor-widget elementor-widget-image\" data-id=\"b19dd48\" data-element_type=\"widget\" data-widget_type=\"image.default\">\n\t\t\t\t<div class=\"elementor-widget-container\">\n\t\t\t\t\t<div class=\"elementor-image\">\n\t\t\t\t\t\t\t\t\t\t<img width=\"925\" height=\"925\" src=\"https:\/\/asztrologiamester.com\/asztrologiamester\/wp-content\/uploads\/2026\/01\/Qi-Gong-1024x1024.png\" class=\"attachment-large size-large\" alt=\"\" loading=\"lazy\" srcset=\"https:\/\/asztrologiamester.com\/asztrologiamester\/wp-content\/uploads\/2026\/01\/Qi-Gong.png 1024w, https:\/\/asztrologiamester.com\/asztrologiamester\/wp-content\/uploads\/2026\/01\/Qi-Gong-300x300.png 300w, https:\/\/asztrologiamester.com\/asztrologiamester\/wp-content\/uploads\/2026\/01\/Qi-Gong-150x150.png 150w, https:\/\/asztrologiamester.com\/asztrologiamester\/wp-content\/uploads\/2026\/01\/Qi-Gong-768x768.png 768w, https:\/\/asztrologiamester.com\/asztrologiamester\/wp-content\/uploads\/2026\/01\/Qi-Gong-60x60.png 60w\" sizes=\"(max-width: 925px) 100vw, 925px\" \/>\t\t\t\t\t\t\t\t\t\t\t<\/div>\n\t\t\t\t<\/div>\n\t\t\t\t<\/div>\n\t\t\t\t<div class=\"elementor-element elementor-element-166539e elementor-widget elementor-widget-text-editor\" data-id=\"166539e\" data-element_type=\"widget\" data-widget_type=\"text-editor.default\">\n\t\t\t\t<div class=\"elementor-widget-container\">\n\t\t\t\t\t<div class=\"elementor-text-editor elementor-clearfix\"><h5 style=\"text-align: center;\">Mi a Qui Gong?<\/h5><p>A Qi Gong egy gyeng\u00e9d testmozg\u00e1s, amely t\u00f6bbsz\u00f6r megism\u00e9telt mozdulatokb\u00f3l \u00e1ll. A Qi Gong hat\u00e9konys\u00e1g\u00e1t K\u00edn\u00e1ban t\u00f6bb ezer \u00e9ve bizony\u00edtja, hogy t\u00f6bb milli\u00f3 emberre gyakorolt j\u00f3t\u00e9kony hat\u00e1sa.<\/p><\/div>\n\t\t\t\t<\/div>\n\t\t\t\t<\/div>\n\t\t\t\t<div class=\"elementor-element elementor-element-d736e27 elementor-align-center elementor-widget elementor-widget-button\" data-id=\"d736e27\" data-element_type=\"widget\" data-widget_type=\"button.default\">\n\t\t\t\t<div class=\"elementor-widget-container\">\n\t\t\t\t\t<div class=\"elementor-button-wrapper\">\n\t\t\t<a href=\"https:\/\/asztrologiamester.com\/asztrologiamester\/chue-style-qi-gong\/\" class=\"elementor-button-link elementor-button elementor-size-sm\" role=\"button\">\n\t\t\t\t\t\t<span class=\"elementor-button-content-wrapper\">\n\t\t\t\t\t\t<span class=\"elementor-button-text\">Tov\u00e1bbi r\u00e9szletek<\/span>\n\t\t<\/span>\n\t\t\t\t\t<\/a>\n\t\t<\/div>\n\t\t\t\t<\/div>\n\t\t\t\t<\/div>\n\t\t\t\t\t\t<\/div>\n\t\t\t\t\t<\/div>\n\t\t<\/div>\n\t\t\t\t\t\t\t\t<\/div>\n\t\t\t\t\t<\/div>\n\t\t<\/section>\n\t\t\t\t<section class=\"elementor-section elementor-top-section elementor-element elementor-element-e7832a7 elementor-section-boxed elementor-section-height-default elementor-section-height-default\" data-id=\"e7832a7\" data-element_type=\"section\">\n\t\t\t\t\t\t<div class=\"elementor-container elementor-column-gap-default\">\n\t\t\t\t\t\t\t<div class=\"elementor-row\">\n\t\t\t\t\t<div class=\"elementor-column elementor-col-100 elementor-top-column elementor-element elementor-element-3742351\" data-id=\"3742351\" data-element_type=\"column\">\n\t\t\t<div class=\"elementor-column-wrap elementor-element-populated\">\n\t\t\t\t\t\t\t<div class=\"elementor-widget-wrap\">\n\t\t\t\t\t\t<div class=\"elementor-element elementor-element-247b4be elementor-widget elementor-widget-image\" data-id=\"247b4be\" data-element_type=\"widget\" data-widget_type=\"image.default\">\n\t\t\t\t<div class=\"elementor-widget-container\">\n\t\t\t\t\t<div class=\"elementor-image\">\n\t\t\t\t\t\t\t\t\t\t<img width=\"230\" height=\"219\" src=\"https:\/\/asztrologiamester.com\/asztrologiamester\/wp-content\/uploads\/2021\/10\/letoltes.png\" class=\"attachment-large size-large\" alt=\"\" loading=\"lazy\" srcset=\"https:\/\/asztrologiamester.com\/asztrologiamester\/wp-content\/uploads\/2021\/10\/letoltes.png 230w, https:\/\/asztrologiamester.com\/asztrologiamester\/wp-content\/uploads\/2021\/10\/letoltes-63x60.png 63w\" sizes=\"(max-width: 230px) 100vw, 230px\" \/>\t\t\t\t\t\t\t\t\t\t\t<\/div>\n\t\t\t\t<\/div>\n\t\t\t\t<\/div>\n\t\t\t\t\t\t<\/div>\n\t\t\t\t\t<\/div>\n\t\t<\/div>\n\t\t\t\t\t\t\t\t<\/div>\n\t\t\t\t\t<\/div>\n\t\t<\/section>\n\t\t\t\t<section class=\"elementor-section elementor-top-section elementor-element elementor-element-9fa9a6e elementor-section-boxed elementor-section-height-default elementor-section-height-default\" data-id=\"9fa9a6e\" data-element_type=\"section\">\n\t\t\t\t\t\t<div class=\"elementor-container elementor-column-gap-default\">\n\t\t\t\t\t\t\t<div class=\"elementor-row\">\n\t\t\t\t\t<div class=\"elementor-column elementor-col-100 elementor-top-column elementor-element elementor-element-220740e\" data-id=\"220740e\" data-element_type=\"column\">\n\t\t\t<div class=\"elementor-column-wrap elementor-element-populated\">\n\t\t\t\t\t\t\t<div class=\"elementor-widget-wrap\">\n\t\t\t\t\t\t<div class=\"elementor-element elementor-element-4594edf elementor-widget elementor-widget-heading\" data-id=\"4594edf\" data-element_type=\"widget\" data-widget_type=\"heading.default\">\n\t\t\t\t<div class=\"elementor-widget-container\">\n\t\t\t<h1 class=\"elementor-heading-title elementor-size-default\">Tov\u00e1bbi kurzusok<\/h1>\t\t<\/div>\n\t\t\t\t<\/div>\n\t\t\t\t\t\t<\/div>\n\t\t\t\t\t<\/div>\n\t\t<\/div>\n\t\t\t\t\t\t\t\t<\/div>\n\t\t\t\t\t<\/div>\n\t\t<\/section>\n\t\t\t\t<section class=\"elementor-section elementor-top-section elementor-element elementor-element-100de346 elementor-section-boxed elementor-section-height-default elementor-section-height-default\" data-id=\"100de346\" data-element_type=\"section\">\n\t\t\t\t\t\t<div class=\"elementor-container elementor-column-gap-default\">\n\t\t\t\t\t\t\t<div class=\"elementor-row\">\n\t\t\t\t\t<div class=\"elementor-column elementor-col-100 elementor-top-column elementor-element elementor-element-3b6de2e5\" data-id=\"3b6de2e5\" data-element_type=\"column\">\n\t\t\t<div class=\"elementor-column-wrap elementor-element-populated\">\n\t\t\t\t\t\t\t<div class=\"elementor-widget-wrap\">\n\t\t\t\t\t\t<div class=\"elementor-element elementor-element-26be4c6 elementor-widget elementor-widget-text-editor\" data-id=\"26be4c6\" data-element_type=\"widget\" data-widget_type=\"text-editor.default\">\n\t\t\t\t<div class=\"elementor-widget-container\">\n\t\t\t\t\t<div class=\"elementor-text-editor elementor-clearfix\"><h2 style=\"text-align: center;\">\u00a0<\/h2><h2 style=\"text-align: center;\"><span style=\"color: #8c0101;\"><strong>Autentikus K\u00ednai Asztrol\u00f3gia tanfolyam<\/strong><\/span><br \/><span style=\"color: #8c0101;\"><strong> Online k\u00e9pz\u00e9s<\/strong><\/span><\/h2><p style=\"text-align: center;\"><span style=\"color: #000000;\"><strong>Tan\u00e1r: Dr. Neuhauser Krisztina, K\u00ednai Asztrol\u00f3gia Mester<br \/><\/strong><\/span><\/p><h2 style=\"text-align: center;\"><a href=\"http:\/\/asztrologiamester.com\/asztrologiamester\/wp-content\/uploads\/2021\/10\/feng-shui-compass-1.jpg\"><img loading=\"lazy\" class=\"alignnone wp-image-1853 size-full\" src=\"http:\/\/asztrologiamester.com\/asztrologiamester\/wp-content\/uploads\/2021\/10\/feng-shui-compass-1.jpg\" alt=\"\" width=\"743\" height=\"507\" srcset=\"https:\/\/asztrologiamester.com\/asztrologiamester\/wp-content\/uploads\/2021\/10\/feng-shui-compass-1.jpg 743w, https:\/\/asztrologiamester.com\/asztrologiamester\/wp-content\/uploads\/2021\/10\/feng-shui-compass-1-300x205.jpg 300w, https:\/\/asztrologiamester.com\/asztrologiamester\/wp-content\/uploads\/2021\/10\/feng-shui-compass-1-88x60.jpg 88w\" sizes=\"(max-width: 743px) 100vw, 743px\" \/><\/a><\/h2><p><span style=\"color: #000000;\">Az asztrol\u00f3gia egy tudom\u00e1ny. Az asztrol\u00f3gia nem vall\u00e1s. Nem kell hinned az asztrol\u00f3gi\u00e1ban ahhoz, hogy elv\u00e9gezd ezt a tanfolyamot. A tanfolyam egyszer\u0171en elsaj\u00e1t\u00edthat\u00f3 \u00e9s praktikus. Semmilyen el\u0151k\u00e9pzetts\u00e9g nem sz\u00fcks\u00e9ges.<\/span><\/p><p style=\"text-align: center;\"><span style=\"color: #8c0101;\"><strong>Mit tartalmaz a kezd\u0151 k\u00ednai asztrol\u00f3giai tanfolyam?<\/strong><\/span><\/p><p><span style=\"color: #000000;\">Ennek a tanfolyamnak az a c\u00e9lja, hogy teljes \u00e9s \u00e1tfog\u00f3 k\u00e9pz\u00e9st biztos\u00edtson a k\u00ednai asztrol\u00f3gia alkalmaz\u00e1s\u00e1nak k\u00fcl\u00f6nb\u00f6z\u0151 ter\u00fcletein.\u00a0<\/span><span style=\"color: #000000;\">A saj\u00e1t horoszk\u00f3p p\u00e9ld\u00e1n okulva olyan k\u00e9rd\u00e9sekre is v\u00e1laszt kaphatunk, melyekre m\u00e1r \u00e9vek \u00f3ta keress\u00fck a v\u00e1laszt, de m\u00e9g nem tal\u00e1ltuk meg. Ezek lehetnek p\u00e1rkapcsolati, karrierrel, az otthon\u00e1val (h\u00e1za, lak\u00e1sa) vagy a j\u00f6v\u0151j\u00e9vel kapcsolatos k\u00e9rd\u00e9sek.<\/span><\/p><p><span style=\"color: #000000;\">P\u00e9ld\u00e1ul ilyen k\u00e9rd\u00e9sekre kaphat v\u00e1laszt:<\/span><\/p><ol><li><span style=\"color: #000000;\">Milyen szakma az, amely az \u00d6n k\u00e9pess\u00e9geinek \u00e9s tehets\u00e9g\u00e9nek megfelel?<\/span><\/li><li><span style=\"color: #000000;\">A k\u00fclf\u00f6ldi munka szerencs\u00e9t hoz-e \u00d6nnek?<\/span><\/li><li><span style=\"color: #000000;\">\u00d6sszeillik-e a p\u00e1rj\u00e1val?<\/span><\/li><li><span style=\"color: #000000;\">Hogyan teheti m\u00e9g jobb\u00e1 az emberi kapcsolatait?<\/span><\/li><li><span style=\"color: #000000;\">Hogyan \u00e9rthetem meg jobban a p\u00e1romat, ahhoz, hogy \u00e9let\u00fcnk harm\u00f3nikusabb legyen?<\/span><\/li><li><span style=\"color: #000000;\">Mi a legjobb id\u0151pont a csal\u00e1dtervez\u00e9sre, gyermekv\u00e1llal\u00e1sra?<\/span><\/li><li><span style=\"color: #000000;\">Milyen karmikus kapcsolatok vannak jelen a horoszk\u00f3pban? Mi erre a megold\u00e1s?<\/span><\/li><li><span style=\"color: #000000;\">Mi a legjobb id\u0151 az \u00faj lak\u00e1s vagy h\u00e1z v\u00e9tel\u00e9re az adott \u00e9vben?<\/span><\/li><li><span style=\"color: #000000;\">Mikor \u00e9s hova k\u00f6lt\u00f6zzek? Eg\u00e9szs\u00e9ges legyek \u00e9s p\u00e9nz \u00e1lljon a h\u00e1zhoz<\/span><\/li><li><span style=\"color: #000000;\">A legszerencs\u00e9sebb \u00e9gt\u00e1j ir\u00e1nyok az egy\u00e9ni horoszk\u00f3p alapj\u00e1n az eg\u00e9szs\u00e9g, a karrier \u00e9s a gazdags\u00e1g megszerz\u00e9s\u00e9re \u00e9s megtart\u00e1s\u00e1ra<\/span><\/li><\/ol><p style=\"text-align: center;\"><span style=\"color: #8c0101;\"><strong>Mik az el\u0151nyei az Autentikus K\u00ednai Asztrol\u00f3gia tanfolyamnak az \u00d6n sz\u00e1m\u00e1ra?<\/strong><\/span><\/p><ol><li><span style=\"color: #000000;\">M\u00e9ly betekint\u00e9st nyerhet az autentikus k\u00ednai karakterekbe a k\u00ednai Taoista filoz\u00f3fia alapj\u00e1n<\/span><\/li><li><span style=\"color: #000000;\">K\u00ednai karakterek \u00edr\u00e1sm\u00f3dja \u00e9s jelent\u00e9se is tananyag<\/span><\/li><li><span style=\"color: #000000;\">Egy autentikus k\u00ednai horoszk\u00f3p fel\u00e1ll\u00edt\u00e1s\u00e1nak ismerete \u00e9s elsaj\u00e1t\u00edt\u00e1sa<\/span><\/li><li><span style=\"color: #000000;\">A fel\u00e1ll\u00edtott k\u00ednai horoszk\u00f3p elemz\u00e9se 10 f\u00e9le szempontb\u00f3l<\/span><\/li><li><span style=\"color: #000000;\">A 10.000 \u00e9ves k\u00ednai napt\u00e1r \u00e9rtelmez\u00e9se \u00e9s olvas\u00e1sa<\/span><\/li><li><span style=\"color: #000000;\">A tanfolyam elv\u00e9gz\u00e9se ut\u00e1n l\u00e1togat\u00e1si bizony\u00edtv\u00e1nyt \u00e9s\/vagy oklevelet szerez majd<\/span><\/li><li><span style=\"color: #000000;\">Ha tov\u00e1bb szeretn\u00e9 b\u0151v\u00edteni a tud\u00e1s\u00e1t a tanfolyam elv\u00e9gz\u00e9se ut\u00e1n, akkor egy halad\u00f3 kurzuson folytathatja a tanul\u00e1st Krisztina Mesterrel<\/span><\/li><\/ol><p style=\"text-align: center;\"><a href=\"http:\/\/asztrologiamester.com\/asztrologiamester\/wp-content\/uploads\/2016\/10\/image006.gif\"><img loading=\"lazy\" class=\"alignnone wp-image-445 size-medium\" src=\"http:\/\/asztrologiamester.com\/asztrologiamester\/wp-content\/uploads\/2016\/10\/image006-300x300.gif\" alt=\"\" width=\"300\" height=\"300\" srcset=\"https:\/\/asztrologiamester.com\/asztrologiamester\/wp-content\/uploads\/2016\/10\/image006-300x300.gif 300w, https:\/\/asztrologiamester.com\/asztrologiamester\/wp-content\/uploads\/2016\/10\/image006-150x150.gif 150w\" sizes=\"(max-width: 300px) 100vw, 300px\" \/><\/a><\/p><p style=\"text-align: center;\"><span style=\"color: #8c0101;\"><strong>Mi\u00e9rt j\u00f3 az online k\u00e9pz\u00e9s?<\/strong><\/span><\/p><ul><li><span style=\"color: #000000;\">Otthoni k\u00e9nyelmedb\u0151l a leghat\u00e9konyabban tud r\u00e9szt venni az \u00f3r\u00e1kon<\/span><\/li><li><span style=\"color: #000000;\">Ak\u00e1r Budapesten vagy vid\u00e9ken \u00e9l, megtakar\u00edthatja az utaz\u00e1s k\u00f6lts\u00e9g\u00e9t \u00e9s elker\u00fclheti annak neh\u00e9zs\u00e9geit<\/span><\/li><li><span style=\"color: #000000;\">Exkluz\u00edv \u00e9s z\u00e1rt Facebook csoport tagja lehet majd. Ez lehet\u0151s\u00e9get ad, hogy hossz\u00fat\u00e1v\u00fa t\u00e1mogat\u00e1st kapjon Krisztina Mestert\u0151l.<\/span><\/li><\/ul><h5 style=\"text-align: center;\">\u00a0<\/h5><p><span style=\"color: #8c0101;\"><strong>Tan\u00edtv\u00e1ny v\u00e9lem\u00e9nye:<\/strong><\/span><\/p><p><span style=\"color: #000000;\"><a href=\"http:\/\/asztrologiamester.com\/asztrologiamester\/wp-content\/uploads\/2016\/10\/Zs\u00f3ka.jpg\" rel=\"attachment wp-att-225\"><img loading=\"lazy\" class=\"alignright wp-image-225 size-full\" src=\"http:\/\/asztrologiamester.com\/asztrologiamester\/wp-content\/uploads\/2016\/10\/Zs\u00f3ka.jpg\" alt=\"\" width=\"135\" height=\"205\" \/><\/a>\u201eKedves Krisztina!<\/span><\/p><p><span style=\"color: #000000;\">K\u00f6sz\u00f6n\u00f6m a tan\u00edt\u00e1st, amit t\u0151led kaptam!<\/span><\/p><p><span style=\"color: #000000;\">Sokat fejl\u0151dtem, \u00e9s sok dolog hely\u00e9re ker\u00fclt a fejemben a horoszk\u00f3p k\u00e9sz\u00edt\u00e9ssel \u00e9s az elemek egym\u00e1sra hat\u00e1s\u00e1val kapcsolatban. A k\u00ednai jelek is r\u00f6gz\u00fcltek, most m\u00e1r \u00e9rtelmezni tudom az \u00e1br\u00e1kat \u2013 az el\u0151z\u0151 kurzus v\u00e9g\u00e9n adt\u00e1l egy lapot, amin mindent \u00e9rtelmezni tudtam seg\u00e9dletek n\u00e9lk\u00fcl, \u00e9s ez csod\u00e1s \u00e9rz\u00e9s volt. Kb. egy tucat horoszk\u00f3pot \u00e1ll\u00edtottam f\u00f6l a ny\u00e1ron, \u00e9s hogy \u00e1t tudtam alak\u00edtani a r\u00e9gi t\u00e9ves ber\u00f6gz\u00f6tts\u00e9geket, neked k\u00f6sz\u00f6nhetem.<\/span><\/p><p><span style=\"color: #000000;\">M\u00e9g megijeszt a sz\u00e1mtalan \u2019r\u00e9teg\u2019 amit \u00e1t kell l\u00e1tni, \u00e9s helyesen, felel\u0151ss\u00e9ggel \u00e9rtelmezni, de h\u00e1l\u00e1s vagyok ami\u00e9rt eny\u00e9m lehet ez a tud\u00e1s, hogy seg\u00edtsek a keres\u0151knek.<\/span><\/p><p><span style=\"color: #000000;\">Amikor tervezek meg tudom n\u00e9zni, hogy milyen elemekre van igaz\u00e1n sz\u00fcks\u00e9ge az illet\u0151nek.<\/span><\/p><p><span style=\"color: #000000;\">Olyan \u00e9rz\u00e9s mikor el kezdek elemezni egy horoszk\u00f3pot, mint a titkos\u00edr\u00e1s fejt\u00e9s \u2013 bele tudok feledkezni. Tudatosabb lettem a kurzusok hat\u00e1s\u00e1ra, \u00e9s csiszol\u00f3dott a vil\u00e1gl\u00e1t\u00e1som is. H\u00e1l\u00e1s sz\u00edvvel k\u00f6sz\u00f6n\u00f6m!<\/span><\/p><p><span style=\"color: #000000;\">Minden sz\u00e9pet \u00e9s j\u00f3t k\u00edv\u00e1nok Neked!<\/span><br \/><span style=\"color: #000000;\"> Sz\u00e9ln\u00e9 Csap\u00f3 Erzs\u00e9bet (Zs\u00f3ka)\u201d<\/span><br \/><span style=\"color: #000000;\"> \u00a0<\/span><\/p><\/div>\n\t\t\t\t<\/div>\n\t\t\t\t<\/div>\n\t\t\t\t\t\t<\/div>\n\t\t\t\t\t<\/div>\n\t\t<\/div>\n\t\t\t\t\t\t\t\t<\/div>\n\t\t\t\t\t<\/div>\n\t\t<\/section>\n\t\t\t\t\t\t<\/div>\n\t\t\t\t\t\t<\/div>\n\t\t\t\t\t<\/div>\n\t\t","protected":false},"excerpt":{"rendered":"<p>Feng Shui Foundation (A modul) A k\u00f6vetkez\u0151ket saj\u00e1t\u00edthatod el a kurzuson: Vil\u00e1gos \u00e9s hiteles bevezet\u00e9st ny\u00fajt a klasszikus feng shui-ba, amelyet a Chue st\u00edlusban tan\u00edtunk. Nagy hangs\u00falyt fektetve az energia tudatoss\u00e1g\u00e1ra, a harm\u00f3ni\u00e1ra \u00e9s annak a gyakorlati alkalmaz\u00e1sra. Tov\u00e1bbi r\u00e9szletek Feng Shui Foundation (B modul) A\u00a0 kurzus sor\u00e1nelsaj\u00e1t\u00edthat\u00f3k a k\u00f6vetkez\u0151k: A &#8220;B&#8221; modul elm\u00e9ly\u00edti az &hellip; <\/p>\n","protected":false},"author":1,"featured_media":0,"parent":0,"menu_order":0,"comment_status":"closed","ping_status":"closed","template":"","meta":[],"_links":{"self":[{"href":"https:\/\/asztrologiamester.com\/asztrologiamester\/wp-json\/wp\/v2\/pages\/11"}],"collection":[{"href":"https:\/\/asztrologiamester.com\/asztrologiamester\/wp-json\/wp\/v2\/pages"}],"about":[{"href":"https:\/\/asztrologiamester.com\/asztrologiamester\/wp-json\/wp\/v2\/types\/page"}],"author":[{"embeddable":true,"href":"https:\/\/asztrologiamester.com\/asztrologiamester\/wp-json\/wp\/v2\/users\/1"}],"replies":[{"embeddable":true,"href":"https:\/\/asztrologiamester.com\/asztrologiamester\/wp-json\/wp\/v2\/comments?post=11"}],"version-history":[{"count":63,"href":"https:\/\/asztrologiamester.com\/asztrologiamester\/wp-json\/wp\/v2\/pages\/11\/revisions"}],"predecessor-version":[{"id":2231,"href":"https:\/\/asztrologiamester.com\/asztrologiamester\/wp-json\/wp\/v2\/pages\/11\/revisions\/2231"}],"wp:attachment":[{"href":"https:\/\/asztrologiamester.com\/asztrologiamester\/wp-json\/wp\/v2\/media?parent=11"}],"curies":[{"name":"wp","href":"https:\/\/api.w.org\/{rel}","templated":true}]}}